{"id":386,"date":"2021-01-09T15:02:21","date_gmt":"2021-01-09T14:02:21","guid":{"rendered":"http:\/\/www.actionenvironnementbeauvechain.be\/?page_id=386"},"modified":"2021-03-22T10:28:03","modified_gmt":"2021-03-22T09:28:03","slug":"saint-martin-2015-dapres-nature","status":"publish","type":"page","link":"https:\/\/www.actionenvironnementbeauvechain.be\/?page_id=386","title":{"rendered":"Saint-Martin 2015 &#8211; D&rsquo;apr\u00e8s nature"},"content":{"rendered":"\n<p class=\"has-text-align-center\">Photographies d\u2019\u0153uvres d&rsquo;artistes locaux par Anne d&rsquo;Huart<\/p>\n\n\n\n<figure class=\"wp-block-image\"><img decoding=\"async\" src=\"http:\/\/www.actionenvironnementbeauvechain.be\/wp-content\/uploads\/2021\/01\/SM-2015-Poster-relais-724x1024.jpg\" alt=\"\"\/><\/figure>\n\n\n\n<p class=\"has-text-align-center\"><strong><em>Action Environnement Beauvechain asbl remercie la photographe Anne d&rsquo;Huart et les artistes qui ont g\u00e9n\u00e9reusement c\u00e9d\u00e9 leurs droits sur ces photos pour contribuer aux activit\u00e9s de l\u2019association.<\/em><\/strong><\/p>\n\n\n\n<p class=\"has-text-align-center\">Il reste encore quelques photos en vente au prix de 70\u20ac.<\/p>\n\n\n\n<p class=\"has-text-align-center\">Format: 40 x 30 cm sur fond aluminium<\/p>\n\n\n\n<figure class=\"wp-block-image\"><img decoding=\"async\" src=\"http:\/\/www.actionenvironnementbeauvechain.be\/wp-content\/uploads\/2021\/02\/DSC_4150-1024x680.jpg\" alt=\"Les chiffonneuses 1 - vendu\"\/><figcaption>Les chiffonneuses 1 &#8211; vendu<\/figcaption><\/figure>\n\n\n\n<figure class=\"wp-block-image\"><img decoding=\"async\" src=\"http:\/\/www.actionenvironnementbeauvechain.be\/wp-content\/uploads\/2021\/02\/DSC_4144-1024x680.jpg\" alt=\"Les chiffonneuses 2\"\/><figcaption>Les chiffonneuses 2<\/figcaption><\/figure>\n\n\n\n<figure class=\"wp-block-image\"><img decoding=\"async\" src=\"http:\/\/www.actionenvironnementbeauvechain.be\/wp-content\/uploads\/2021\/02\/DSC_4128-1024x680.jpg\" alt=\"Les chiffonneuses\"\/><figcaption>Les chiffonneuses<\/figcaption><\/figure>\n\n\n\n<figure class=\"wp-block-image\"><img decoding=\"async\" src=\"http:\/\/www.actionenvironnementbeauvechain.be\/wp-content\/uploads\/2021\/02\/DSC_4105-1024x680.jpg\" alt=\"Benoit Willox 2\"\/><figcaption>Benoit Willox 2<\/figcaption><\/figure>\n\n\n\n<figure class=\"wp-block-image\"><img decoding=\"async\" src=\"http:\/\/www.actionenvironnementbeauvechain.be\/wp-content\/uploads\/2021\/02\/DSC_4046-1024x680.jpg\" alt=\"Benoit Willox\"\/><figcaption>Benoit Willox<\/figcaption><\/figure>\n\n\n\n<figure class=\"wp-block-image\"><img decoding=\"async\" src=\"http:\/\/www.actionenvironnementbeauvechain.be\/wp-content\/uploads\/2021\/02\/DSC_3965-1024x680.jpg\" alt=\"Francis Vermeulen 2\"\/><figcaption>Francis Vermeulen 2<\/figcaption><\/figure>\n\n\n\n<figure class=\"wp-block-image\"><img decoding=\"async\" src=\"http:\/\/www.actionenvironnementbeauvechain.be\/wp-content\/uploads\/2021\/02\/DSC_3929-1024x683.jpg\" alt=\"Gaetan Carpentier 3\"\/><figcaption>Gaetan Carpentier 3<\/figcaption><\/figure>\n\n\n\n<figure class=\"wp-block-image\"><img decoding=\"async\" src=\"http:\/\/www.actionenvironnementbeauvechain.be\/wp-content\/uploads\/2021\/02\/DSC_3861-1024x680.jpg\" alt=\"Gaetan Carpentier 2\"\/><figcaption>Gaetan Carpentier 2<\/figcaption><\/figure>\n\n\n\n<figure class=\"wp-block-image\"><img decoding=\"async\" src=\"http:\/\/www.actionenvironnementbeauvechain.be\/wp-content\/uploads\/2021\/02\/DSC_3840-1024x683.jpg\" alt=\"Gaetan Carpentier\"\/><figcaption>Gaetan Carpentier<\/figcaption><\/figure>\n\n\n\n<figure class=\"wp-block-image\"><img decoding=\"async\" src=\"http:\/\/www.actionenvironnementbeauvechain.be\/wp-content\/uploads\/2021\/02\/DSC_3781-1024x680.jpg\" alt=\"Andr\u00e9 Kersten 2\"\/><figcaption>Andr\u00e9 Kersten 2<\/figcaption><\/figure>\n\n\n\n<figure class=\"wp-block-image\"><img decoding=\"async\" src=\"http:\/\/www.actionenvironnementbeauvechain.be\/wp-content\/uploads\/2021\/02\/DSC_8938-1024x680.jpg\" alt=\"Pablo d'Andrimont\"\/><figcaption>Pablo d&rsquo;Andrimont<\/figcaption><\/figure>\n\n\n\n<figure class=\"wp-block-image\"><img decoding=\"async\" src=\"http:\/\/www.actionenvironnementbeauvechain.be\/wp-content\/uploads\/2021\/02\/DSC_8959-1024x683.jpg\" alt=\"Isabelle d'Andrimont\"\/><figcaption>Isabelle d&rsquo;Andrimont<\/figcaption><\/figure>\n\n\n\n<figure class=\"wp-block-image\"><img decoding=\"async\" src=\"http:\/\/www.actionenvironnementbeauvechain.be\/wp-content\/uploads\/2021\/02\/DSC_9611.jpg\" alt=\"Jephan de Villers 2\"\/><figcaption>Jephan de Villers 2<\/figcaption><\/figure>\n\n\n\n<figure class=\"wp-block-image\"><img decoding=\"async\" src=\"http:\/\/www.actionenvironnementbeauvechain.be\/wp-content\/uploads\/2021\/02\/DSC_9932-001-1024x680.jpg\" alt=\"V\u00e9ronique Kalitventzeff 1 - vendu\"\/><figcaption>V\u00e9ronique Kalitventzeff 1 &#8211; vendu<\/figcaption><\/figure>\n\n\n\n<figure class=\"wp-block-image\"><img decoding=\"async\" src=\"http:\/\/www.actionenvironnementbeauvechain.be\/wp-content\/uploads\/2021\/02\/DSC_9967-001-1024x680.jpg\" alt=\"V\u00e9ronique Kalitventzeff\"\/><figcaption>V\u00e9ronique Kalitventzeff<\/figcaption><\/figure>\n\n\n\n<figure class=\"wp-block-image\"><img decoding=\"async\" src=\"http:\/\/www.actionenvironnementbeauvechain.be\/wp-content\/uploads\/2021\/02\/DSC_3613-1024x680.jpg\" alt=\"Lucienne Camus\"\/><figcaption>Lucienne Camus<\/figcaption><\/figure>\n\n\n\n<figure class=\"wp-block-image\"><img decoding=\"async\" src=\"http:\/\/www.actionenvironnementbeauvechain.be\/wp-content\/uploads\/2021\/02\/DSC_3640-1024x680.jpg\" alt=\"Lucienne Camus 2\"\/><figcaption>Lucienne Camus 2<\/figcaption><\/figure>\n\n\n\n<figure class=\"wp-block-image\"><img decoding=\"async\" src=\"http:\/\/www.actionenvironnementbeauvechain.be\/wp-content\/uploads\/2021\/02\/DSC_3735-1024x680.jpg\" alt=\"Andr\u00e9 Kersten\"\/><figcaption>Andr\u00e9 Kersten<\/figcaption><\/figure>\n\n\n\n<figure class=\"wp-block-image\"><img decoding=\"async\" src=\"http:\/\/www.actionenvironnementbeauvechain.be\/wp-content\/uploads\/2021\/02\/DSC_8880-1024x680.jpg\" alt=\"Marcel Chaltin\"\/><figcaption>Marcel Chaltin<\/figcaption><\/figure>\n\n\n\n<figure class=\"wp-block-image\"><img decoding=\"async\" src=\"http:\/\/www.actionenvironnementbeauvechain.be\/wp-content\/uploads\/2021\/02\/DSC_8885-1024x680.jpg\" alt=\"Marcel Chaltin 2\"\/><figcaption>Marcel Chaltin 2<\/figcaption><\/figure>\n\n\n\n<figure class=\"wp-block-image\"><img decoding=\"async\" src=\"http:\/\/www.actionenvironnementbeauvechain.be\/wp-content\/uploads\/2021\/02\/DSC_7484-1024x680.jpg\" alt=\"Claude Rahir 2\"\/><figcaption>Claude Rahir 2<\/figcaption><\/figure>\n\n\n\n<figure class=\"wp-block-image\"><img decoding=\"async\" src=\"http:\/\/www.actionenvironnementbeauvechain.be\/wp-content\/uploads\/2021\/02\/DSC_7469-1024x680.jpg\" alt=\"Claude Rahir\"\/><figcaption>Claude Rahir<\/figcaption><\/figure>\n\n\n\n<figure class=\"wp-block-image\"><img decoding=\"async\" src=\"http:\/\/www.actionenvironnementbeauvechain.be\/wp-content\/uploads\/2021\/02\/DSC_7423.jpg\" alt=\"Toni Kanwa Adikusumah\"\/><figcaption>Toni Kanwa Adikusumah<\/figcaption><\/figure>\n\n\n\n<figure class=\"wp-block-image\"><img decoding=\"async\" src=\"http:\/\/www.actionenvironnementbeauvechain.be\/wp-content\/uploads\/2021\/02\/DSC_7381-1024x680.jpg\" alt=\"Toni Kanwa Adikusumah\"\/><figcaption>Toni Kanwa Adikusumah<\/figcaption><\/figure>\n\n\n\n<figure class=\"wp-block-image\"><img decoding=\"async\" src=\"http:\/\/www.actionenvironnementbeauvechain.be\/wp-content\/uploads\/2021\/02\/DSC_7162-1024x680.jpg\" alt=\"Max van der Linden 3 - vendu\"\/><figcaption>Max van der Linden 3 &#8211; vendu<\/figcaption><\/figure>\n\n\n\n<figure class=\"wp-block-image\"><img decoding=\"async\" src=\"http:\/\/www.actionenvironnementbeauvechain.be\/wp-content\/uploads\/2021\/02\/DSC_7101-1024x680.jpg\" alt=\"Max van der Linden 2\"\/><figcaption>Max van der Linden 2<\/figcaption><\/figure>\n\n\n\n<figure class=\"wp-block-image\"><img decoding=\"async\" src=\"http:\/\/www.actionenvironnementbeauvechain.be\/wp-content\/uploads\/2021\/02\/DSC_7077-1024x680.jpg\" alt=\"Max van der Linden\"\/><figcaption>Max van der Linden<\/figcaption><\/figure>\n\n\n\n<figure class=\"wp-block-image\"><img decoding=\"async\" src=\"http:\/\/www.actionenvironnementbeauvechain.be\/wp-content\/uploads\/2021\/02\/DSC_6541-1024x680.jpg\" alt=\"Patrick Jadot 2\"\/><figcaption>Patrick Jadot 2<\/figcaption><\/figure>\n\n\n\n<figure class=\"wp-block-image\"><img decoding=\"async\" src=\"http:\/\/www.actionenvironnementbeauvechain.be\/wp-content\/uploads\/2021\/02\/DSC_6503-1024x680.jpg\" alt=\"Patrick Jadot\"\/><figcaption>Patrick Jadot<\/figcaption><\/figure>\n\n\n\n<figure class=\"wp-block-image\"><img decoding=\"async\" src=\"http:\/\/www.actionenvironnementbeauvechain.be\/wp-content\/uploads\/2021\/02\/DSC_8973-1024x682.jpg\" alt=\"Isabelle d'Andrimont 2\"\/><figcaption>Isabelle d&rsquo;Andrimont 2<\/figcaption><\/figure>\n\n\n\n<figure class=\"wp-block-image\"><img decoding=\"async\" src=\"http:\/\/www.actionenvironnementbeauvechain.be\/wp-content\/uploads\/2021\/02\/DSC_3964-1024x680.jpg\" alt=\"Francis Vermeulen\"\/><figcaption>Francis Vermeulen<\/figcaption><\/figure>\n\n\n\n<figure class=\"wp-block-image\"><img decoding=\"async\" src=\"http:\/\/www.actionenvironnementbeauvechain.be\/wp-content\/uploads\/2021\/02\/DSC_8943-1024x680.jpg\" alt=\"Pablo d'Andrimont 2\"\/><figcaption>Pablo d&rsquo;Andrimont 2<\/figcaption><\/figure>\n\n\n\n<p>Pr\u00e9c\u00e9dent<br>Suivant<\/p>\n","protected":false},"excerpt":{"rendered":"<p>Photographies d\u2019\u0153uvres d&rsquo;artistes locaux par Anne d&rsquo;Huart Action Environnement Beauvechain asbl remercie la photographe Anne d&rsquo;Huart et les artistes qui ont g\u00e9n\u00e9reusement c\u00e9d\u00e9 leurs droits sur ces photos pour contribuer aux activit\u00e9s de l\u2019association. Il reste encore quelques photos en vente au prix de 70\u20ac. Format: 40 x 30 cm sur fond aluminium Pr\u00e9c\u00e9dentSuivant<\/p>\n","protected":false},"author":1,"featured_media":0,"parent":0,"menu_order":0,"comment_status":"closed","ping_status":"closed","template":"","meta":{"site-sidebar-layout":"default","site-content-layout":"default","ast-main-header-display":"","ast-hfb-above-header-display":"","ast-hfb-below-header-display":"","ast-hfb-mobile-header-display":"","site-post-title":"","ast-breadcrumbs-content":"","ast-featured-img":"","footer-sml-layout":"","theme-transparent-header-meta":"default","adv-header-id-meta":"","stick-header-meta":"","header-above-stick-meta":"","header-main-stick-meta":"","header-below-stick-meta":"","footnotes":""},"class_list":["post-386","page","type-page","status-publish","hentry"],"yoast_head":"<!-- This site is optimized with the Yoast SEO plugin v27.3 - https:\/\/yoast.com\/product\/yoast-seo-wordpress\/ -->\n<title>Saint-Martin 2015 - D&#039;apr\u00e8s nature - Action Environnement Beauvechain asbl<\/title>\n<meta name=\"robots\" content=\"index, follow, max-snippet:-1, max-image-preview:large, max-video-preview:-1\" \/>\n<link rel=\"canonical\" href=\"https:\/\/www.actionenvironnementbeauvechain.be\/?page_id=386\" \/>\n<meta property=\"og:locale\" content=\"fr_FR\" \/>\n<meta property=\"og:type\" content=\"article\" \/>\n<meta property=\"og:title\" content=\"Saint-Martin 2015 - D&#039;apr\u00e8s nature - Action Environnement Beauvechain asbl\" \/>\n<meta property=\"og:description\" content=\"Photographies d\u2019\u0153uvres d&rsquo;artistes locaux par Anne d&rsquo;Huart Action Environnement Beauvechain asbl remercie la photographe Anne d&rsquo;Huart et les artistes qui ont g\u00e9n\u00e9reusement c\u00e9d\u00e9 leurs droits sur ces photos pour contribuer aux activit\u00e9s de l\u2019association. Il reste encore quelques photos en vente au prix de 70\u20ac. Format: 40 x 30 cm sur fond aluminium Pr\u00e9c\u00e9dentSuivant\" \/>\n<meta property=\"og:url\" content=\"https:\/\/www.actionenvironnementbeauvechain.be\/?page_id=386\" \/>\n<meta property=\"og:site_name\" content=\"Action Environnement Beauvechain asbl\" \/>\n<meta property=\"article:publisher\" content=\"https:\/\/www.facebook.com\/ActionEnvironnementBeauvechain\" \/>\n<meta property=\"article:modified_time\" content=\"2021-03-22T09:28:03+00:00\" \/>\n<meta property=\"og:image\" content=\"http:\/\/www.actionenvironnementbeauvechain.be\/wp-content\/uploads\/2021\/01\/SM-2015-Poster-relais-724x1024.jpg\" \/>\n<meta name=\"twitter:card\" content=\"summary_large_image\" \/>\n<meta name=\"twitter:label1\" content=\"Dur\u00e9e de lecture estim\u00e9e\" \/>\n\t<meta name=\"twitter:data1\" content=\"8 minutes\" \/>\n<script type=\"application\/ld+json\" class=\"yoast-schema-graph\">{\"@context\":\"https:\\\/\\\/schema.org\",\"@graph\":[{\"@type\":\"WebPage\",\"@id\":\"https:\\\/\\\/www.actionenvironnementbeauvechain.be\\\/?page_id=386\",\"url\":\"https:\\\/\\\/www.actionenvironnementbeauvechain.be\\\/?page_id=386\",\"name\":\"Saint-Martin 2015 - D'apr\u00e8s nature - Action Environnement Beauvechain asbl\",\"isPartOf\":{\"@id\":\"https:\\\/\\\/www.actionenvironnementbeauvechain.be\\\/#website\"},\"primaryImageOfPage\":{\"@id\":\"https:\\\/\\\/www.actionenvironnementbeauvechain.be\\\/?page_id=386#primaryimage\"},\"image\":{\"@id\":\"https:\\\/\\\/www.actionenvironnementbeauvechain.be\\\/?page_id=386#primaryimage\"},\"thumbnailUrl\":\"http:\\\/\\\/www.actionenvironnementbeauvechain.be\\\/wp-content\\\/uploads\\\/2021\\\/01\\\/SM-2015-Poster-relais-724x1024.jpg\",\"datePublished\":\"2021-01-09T14:02:21+00:00\",\"dateModified\":\"2021-03-22T09:28:03+00:00\",\"breadcrumb\":{\"@id\":\"https:\\\/\\\/www.actionenvironnementbeauvechain.be\\\/?page_id=386#breadcrumb\"},\"inLanguage\":\"fr-FR\",\"potentialAction\":[{\"@type\":\"ReadAction\",\"target\":[\"https:\\\/\\\/www.actionenvironnementbeauvechain.be\\\/?page_id=386\"]}]},{\"@type\":\"ImageObject\",\"inLanguage\":\"fr-FR\",\"@id\":\"https:\\\/\\\/www.actionenvironnementbeauvechain.be\\\/?page_id=386#primaryimage\",\"url\":\"http:\\\/\\\/www.actionenvironnementbeauvechain.be\\\/wp-content\\\/uploads\\\/2021\\\/01\\\/SM-2015-Poster-relais-724x1024.jpg\",\"contentUrl\":\"http:\\\/\\\/www.actionenvironnementbeauvechain.be\\\/wp-content\\\/uploads\\\/2021\\\/01\\\/SM-2015-Poster-relais-724x1024.jpg\"},{\"@type\":\"BreadcrumbList\",\"@id\":\"https:\\\/\\\/www.actionenvironnementbeauvechain.be\\\/?page_id=386#breadcrumb\",\"itemListElement\":[{\"@type\":\"ListItem\",\"position\":1,\"name\":\"Accueil\",\"item\":\"https:\\\/\\\/www.actionenvironnementbeauvechain.be\\\/\"},{\"@type\":\"ListItem\",\"position\":2,\"name\":\"Saint-Martin 2015 &#8211; D&rsquo;apr\u00e8s nature\"}]},{\"@type\":\"WebSite\",\"@id\":\"https:\\\/\\\/www.actionenvironnementbeauvechain.be\\\/#website\",\"url\":\"https:\\\/\\\/www.actionenvironnementbeauvechain.be\\\/\",\"name\":\"Action Environnement Beauvechain asbl\",\"description\":\"Penser globalement, agir localement\",\"publisher\":{\"@id\":\"https:\\\/\\\/www.actionenvironnementbeauvechain.be\\\/#organization\"},\"potentialAction\":[{\"@type\":\"SearchAction\",\"target\":{\"@type\":\"EntryPoint\",\"urlTemplate\":\"https:\\\/\\\/www.actionenvironnementbeauvechain.be\\\/?s={search_term_string}\"},\"query-input\":{\"@type\":\"PropertyValueSpecification\",\"valueRequired\":true,\"valueName\":\"search_term_string\"}}],\"inLanguage\":\"fr-FR\"},{\"@type\":\"Organization\",\"@id\":\"https:\\\/\\\/www.actionenvironnementbeauvechain.be\\\/#organization\",\"name\":\"Action Environnement Beauvechain\",\"url\":\"https:\\\/\\\/www.actionenvironnementbeauvechain.be\\\/\",\"logo\":{\"@type\":\"ImageObject\",\"inLanguage\":\"fr-FR\",\"@id\":\"https:\\\/\\\/www.actionenvironnementbeauvechain.be\\\/#\\\/schema\\\/logo\\\/image\\\/\",\"url\":\"https:\\\/\\\/www.actionenvironnementbeauvechain.be\\\/wp-content\\\/uploads\\\/2021\\\/02\\\/AEB3.jpg\",\"contentUrl\":\"https:\\\/\\\/www.actionenvironnementbeauvechain.be\\\/wp-content\\\/uploads\\\/2021\\\/02\\\/AEB3.jpg\",\"width\":584,\"height\":518,\"caption\":\"Action Environnement Beauvechain\"},\"image\":{\"@id\":\"https:\\\/\\\/www.actionenvironnementbeauvechain.be\\\/#\\\/schema\\\/logo\\\/image\\\/\"},\"sameAs\":[\"https:\\\/\\\/www.facebook.com\\\/ActionEnvironnementBeauvechain\"]}]}<\/script>\n<!-- \/ Yoast SEO plugin. -->","yoast_head_json":{"title":"Saint-Martin 2015 - D'apr\u00e8s nature - Action Environnement Beauvechain asbl","robots":{"index":"index","follow":"follow","max-snippet":"max-snippet:-1","max-image-preview":"max-image-preview:large","max-video-preview":"max-video-preview:-1"},"canonical":"https:\/\/www.actionenvironnementbeauvechain.be\/?page_id=386","og_locale":"fr_FR","og_type":"article","og_title":"Saint-Martin 2015 - D'apr\u00e8s nature - Action Environnement Beauvechain asbl","og_description":"Photographies d\u2019\u0153uvres d&rsquo;artistes locaux par Anne d&rsquo;Huart Action Environnement Beauvechain asbl remercie la photographe Anne d&rsquo;Huart et les artistes qui ont g\u00e9n\u00e9reusement c\u00e9d\u00e9 leurs droits sur ces photos pour contribuer aux activit\u00e9s de l\u2019association. Il reste encore quelques photos en vente au prix de 70\u20ac. Format: 40 x 30 cm sur fond aluminium Pr\u00e9c\u00e9dentSuivant","og_url":"https:\/\/www.actionenvironnementbeauvechain.be\/?page_id=386","og_site_name":"Action Environnement Beauvechain asbl","article_publisher":"https:\/\/www.facebook.com\/ActionEnvironnementBeauvechain","article_modified_time":"2021-03-22T09:28:03+00:00","og_image":[{"url":"http:\/\/www.actionenvironnementbeauvechain.be\/wp-content\/uploads\/2021\/01\/SM-2015-Poster-relais-724x1024.jpg","type":"","width":"","height":""}],"twitter_card":"summary_large_image","twitter_misc":{"Dur\u00e9e de lecture estim\u00e9e":"8 minutes"},"schema":{"@context":"https:\/\/schema.org","@graph":[{"@type":"WebPage","@id":"https:\/\/www.actionenvironnementbeauvechain.be\/?page_id=386","url":"https:\/\/www.actionenvironnementbeauvechain.be\/?page_id=386","name":"Saint-Martin 2015 - D'apr\u00e8s nature - Action Environnement Beauvechain asbl","isPartOf":{"@id":"https:\/\/www.actionenvironnementbeauvechain.be\/#website"},"primaryImageOfPage":{"@id":"https:\/\/www.actionenvironnementbeauvechain.be\/?page_id=386#primaryimage"},"image":{"@id":"https:\/\/www.actionenvironnementbeauvechain.be\/?page_id=386#primaryimage"},"thumbnailUrl":"http:\/\/www.actionenvironnementbeauvechain.be\/wp-content\/uploads\/2021\/01\/SM-2015-Poster-relais-724x1024.jpg","datePublished":"2021-01-09T14:02:21+00:00","dateModified":"2021-03-22T09:28:03+00:00","breadcrumb":{"@id":"https:\/\/www.actionenvironnementbeauvechain.be\/?page_id=386#breadcrumb"},"inLanguage":"fr-FR","potentialAction":[{"@type":"ReadAction","target":["https:\/\/www.actionenvironnementbeauvechain.be\/?page_id=386"]}]},{"@type":"ImageObject","inLanguage":"fr-FR","@id":"https:\/\/www.actionenvironnementbeauvechain.be\/?page_id=386#primaryimage","url":"http:\/\/www.actionenvironnementbeauvechain.be\/wp-content\/uploads\/2021\/01\/SM-2015-Poster-relais-724x1024.jpg","contentUrl":"http:\/\/www.actionenvironnementbeauvechain.be\/wp-content\/uploads\/2021\/01\/SM-2015-Poster-relais-724x1024.jpg"},{"@type":"BreadcrumbList","@id":"https:\/\/www.actionenvironnementbeauvechain.be\/?page_id=386#breadcrumb","itemListElement":[{"@type":"ListItem","position":1,"name":"Accueil","item":"https:\/\/www.actionenvironnementbeauvechain.be\/"},{"@type":"ListItem","position":2,"name":"Saint-Martin 2015 &#8211; D&rsquo;apr\u00e8s nature"}]},{"@type":"WebSite","@id":"https:\/\/www.actionenvironnementbeauvechain.be\/#website","url":"https:\/\/www.actionenvironnementbeauvechain.be\/","name":"Action Environnement Beauvechain asbl","description":"Penser globalement, agir localement","publisher":{"@id":"https:\/\/www.actionenvironnementbeauvechain.be\/#organization"},"potentialAction":[{"@type":"SearchAction","target":{"@type":"EntryPoint","urlTemplate":"https:\/\/www.actionenvironnementbeauvechain.be\/?s={search_term_string}"},"query-input":{"@type":"PropertyValueSpecification","valueRequired":true,"valueName":"search_term_string"}}],"inLanguage":"fr-FR"},{"@type":"Organization","@id":"https:\/\/www.actionenvironnementbeauvechain.be\/#organization","name":"Action Environnement Beauvechain","url":"https:\/\/www.actionenvironnementbeauvechain.be\/","logo":{"@type":"ImageObject","inLanguage":"fr-FR","@id":"https:\/\/www.actionenvironnementbeauvechain.be\/#\/schema\/logo\/image\/","url":"https:\/\/www.actionenvironnementbeauvechain.be\/wp-content\/uploads\/2021\/02\/AEB3.jpg","contentUrl":"https:\/\/www.actionenvironnementbeauvechain.be\/wp-content\/uploads\/2021\/02\/AEB3.jpg","width":584,"height":518,"caption":"Action Environnement Beauvechain"},"image":{"@id":"https:\/\/www.actionenvironnementbeauvechain.be\/#\/schema\/logo\/image\/"},"sameAs":["https:\/\/www.facebook.com\/ActionEnvironnementBeauvechain"]}]}},"_links":{"self":[{"href":"https:\/\/www.actionenvironnementbeauvechain.be\/index.php?rest_route=\/wp\/v2\/pages\/386","targetHints":{"allow":["GET"]}}],"collection":[{"href":"https:\/\/www.actionenvironnementbeauvechain.be\/index.php?rest_route=\/wp\/v2\/pages"}],"about":[{"href":"https:\/\/www.actionenvironnementbeauvechain.be\/index.php?rest_route=\/wp\/v2\/types\/page"}],"author":[{"embeddable":true,"href":"https:\/\/www.actionenvironnementbeauvechain.be\/index.php?rest_route=\/wp\/v2\/users\/1"}],"replies":[{"embeddable":true,"href":"https:\/\/www.actionenvironnementbeauvechain.be\/index.php?rest_route=%2Fwp%2Fv2%2Fcomments&post=386"}],"version-history":[{"count":38,"href":"https:\/\/www.actionenvironnementbeauvechain.be\/index.php?rest_route=\/wp\/v2\/pages\/386\/revisions"}],"predecessor-version":[{"id":2144,"href":"https:\/\/www.actionenvironnementbeauvechain.be\/index.php?rest_route=\/wp\/v2\/pages\/386\/revisions\/2144"}],"wp:attachment":[{"href":"https:\/\/www.actionenvironnementbeauvechain.be\/index.php?rest_route=%2Fwp%2Fv2%2Fmedia&parent=386"}],"curies":[{"name":"wp","href":"https:\/\/api.w.org\/{rel}","templated":true}]}}