{"id":2590,"date":"2022-09-16T09:44:05","date_gmt":"2022-09-16T07:44:05","guid":{"rendered":"https:\/\/www.actionenvironnementbeauvechain.be\/?page_id=2590"},"modified":"2022-09-16T09:47:46","modified_gmt":"2022-09-16T07:47:46","slug":"et-une-bonne-nouvelle-pour-cette-fin-dannee","status":"publish","type":"page","link":"https:\/\/www.actionenvironnementbeauvechain.be\/?page_id=2590","title":{"rendered":"Et une bonne nouvelle pour cette fin d\u2019ann\u00e9e 2021\u2026"},"content":{"rendered":"\n<p class=\"has-medium-font-size\"><em><strong>le Conseil d\u2019Etat vient d\u2019annuler le permis du Contournement Nord de Wavre&nbsp;!<\/strong><\/em><\/p>\n\n\n\n<p>Suite au recours des associations et apr\u00e8s tant d\u2019ann\u00e9es d\u2019opposition \u00e0 ce projet routier d\u00e9mesur\u00e9 et pr\u00e9judiciable aux paysages, \u00e0 la biodiversit\u00e9 et \u00e0 la mobilit\u00e9 durable, nous avons le plaisir de vous annoncer&nbsp; que&nbsp;&nbsp;<em>le Conseil d\u2019Etat vient d\u2019annuler le permis du Contournement Nord de Wavre&nbsp;!<\/em>&nbsp; Merci \u00e0 tous ceux qui nous ont soutenus&nbsp;et une pens\u00e9e toute particuli\u00e8re pour le Dr. St\u00e9nuit qui pendant 40 ans a lutt\u00e9 contre ce projet et n\u2019aura pas eu le temps de conna\u00eetre cet heureux d\u00e9nouement.&nbsp;<\/p>\n\n\n\n<figure class=\"wp-block-image\"><a href=\"https:\/\/www.rtbf.be\/info\/regions\/brabant-wallon\/detail_le-permis-du-contournement-nord-de-wavre-annule-par-le-conseil-d-etat-victoire-pour-les-associations-environnementales?id=10899469\"><img loading=\"lazy\" decoding=\"async\" width=\"576\" height=\"1024\" src=\"https:\/\/www.actionenvironnementbeauvechain.be\/wp-content\/uploads\/2021\/12\/2017-12-6-Culot-576x1024.jpg\" alt=\"\" class=\"wp-image-2514\" srcset=\"https:\/\/www.actionenvironnementbeauvechain.be\/wp-content\/uploads\/2021\/12\/2017-12-6-Culot-576x1024.jpg 576w, https:\/\/www.actionenvironnementbeauvechain.be\/wp-content\/uploads\/2021\/12\/2017-12-6-Culot-169x300.jpg 169w, https:\/\/www.actionenvironnementbeauvechain.be\/wp-content\/uploads\/2021\/12\/2017-12-6-Culot.jpg 675w\" sizes=\"auto, (max-width: 576px) 100vw, 576px\" \/><\/a><figcaption>Un article de la RTBF:<br><a href=\"https:\/\/www.rtbf.be\/info\/regions\/brabant-wallon\/detail_le-permis-du-contournement-nord-de-wavre-annule-par-le-conseil-d-etat-victoire-pour-les-associations-environnementales?id=10899469\">https:\/\/www.rtbf.be\/info\/regions\/brabant-wallon\/detail_le-permis-du-contournement-nord-de-wavre-annule-par-le-conseil-d-etat-victoire-pour-les-associations-environnementales?id=10899469<\/a><\/figcaption><\/figure>\n\n\n\n<p>Et encore:<br><a href=\"https:\/\/www.rtbf.be\/info\/regions\/brabant-wallon\/detail_priorite-aux-modes-doux-et-aux-transports-en-commun-pour-remplacer-le-contournement-de-wavre-selon-le-ministre-philippe-henry?id=10900187\">https:\/\/www.rtbf.be\/info\/regions\/brabant-wallon\/detail_priorite-aux-modes-doux-et-aux-transports-en-commun-pour-remplacer-le-contournement-de-wavre-selon-le-ministre-philippe-henry?id=10900187<\/a><\/p>\n","protected":false},"excerpt":{"rendered":"<p>le Conseil d\u2019Etat vient d\u2019annuler le permis du Contournement Nord de Wavre&nbsp;! Suite au recours des associations et apr\u00e8s tant d\u2019ann\u00e9es d\u2019opposition \u00e0 ce projet routier d\u00e9mesur\u00e9 et pr\u00e9judiciable aux paysages, \u00e0 la biodiversit\u00e9 et \u00e0 la mobilit\u00e9 durable, nous avons le plaisir de vous annoncer&nbsp; que&nbsp;&nbsp;le Conseil d\u2019Etat vient d\u2019annuler le permis du Contournement &hellip;<\/p>\n<p class=\"read-more\"> <a class=\"\" href=\"https:\/\/www.actionenvironnementbeauvechain.be\/?page_id=2590\"> <span class=\"screen-reader-text\">Et une bonne nouvelle pour cette fin d\u2019ann\u00e9e 2021\u2026<\/span> Lire la suite\u00a0\u00bb<\/a><\/p>\n","protected":false},"author":1,"featured_media":0,"parent":0,"menu_order":0,"comment_status":"closed","ping_status":"closed","template":"","meta":{"site-sidebar-layout":"default","site-content-layout":"default","ast-main-header-display":"","ast-hfb-above-header-display":"","ast-hfb-below-header-display":"","ast-hfb-mobile-header-display":"","site-post-title":"","ast-breadcrumbs-content":"","ast-featured-img":"","footer-sml-layout":"","theme-transparent-header-meta":"","adv-header-id-meta":"","stick-header-meta":"","header-above-stick-meta":"","header-main-stick-meta":"","header-below-stick-meta":"","footnotes":""},"class_list":["post-2590","page","type-page","status-publish","hentry"],"yoast_head":"<!-- This site is optimized with the Yoast SEO plugin v27.3 - https:\/\/yoast.com\/product\/yoast-seo-wordpress\/ -->\n<title>Et une bonne nouvelle pour cette fin d\u2019ann\u00e9e 2021\u2026 - Action Environnement Beauvechain asbl<\/title>\n<meta name=\"robots\" content=\"index, follow, max-snippet:-1, max-image-preview:large, max-video-preview:-1\" \/>\n<link rel=\"canonical\" href=\"https:\/\/www.actionenvironnementbeauvechain.be\/?page_id=2590\" \/>\n<meta property=\"og:locale\" content=\"fr_FR\" \/>\n<meta property=\"og:type\" content=\"article\" \/>\n<meta property=\"og:title\" content=\"Et une bonne nouvelle pour cette fin d\u2019ann\u00e9e 2021\u2026 - Action Environnement Beauvechain asbl\" \/>\n<meta property=\"og:description\" content=\"le Conseil d\u2019Etat vient d\u2019annuler le permis du Contournement Nord de Wavre&nbsp;! Suite au recours des associations et apr\u00e8s tant d\u2019ann\u00e9es d\u2019opposition \u00e0 ce projet routier d\u00e9mesur\u00e9 et pr\u00e9judiciable aux paysages, \u00e0 la biodiversit\u00e9 et \u00e0 la mobilit\u00e9 durable, nous avons le plaisir de vous annoncer&nbsp; que&nbsp;&nbsp;le Conseil d\u2019Etat vient d\u2019annuler le permis du Contournement &hellip; Et une bonne nouvelle pour cette fin d\u2019ann\u00e9e 2021\u2026 Lire la suite\u00a0\u00bb\" \/>\n<meta property=\"og:url\" content=\"https:\/\/www.actionenvironnementbeauvechain.be\/?page_id=2590\" \/>\n<meta property=\"og:site_name\" content=\"Action Environnement Beauvechain asbl\" \/>\n<meta property=\"article:publisher\" content=\"https:\/\/www.facebook.com\/ActionEnvironnementBeauvechain\" \/>\n<meta property=\"article:modified_time\" content=\"2022-09-16T07:47:46+00:00\" \/>\n<meta property=\"og:image\" content=\"https:\/\/www.actionenvironnementbeauvechain.be\/wp-content\/uploads\/2021\/12\/2017-12-6-Culot-576x1024.jpg\" \/>\n<meta name=\"twitter:card\" content=\"summary_large_image\" \/>\n<meta name=\"twitter:label1\" content=\"Dur\u00e9e de lecture estim\u00e9e\" \/>\n\t<meta name=\"twitter:data1\" content=\"1 minute\" \/>\n<script type=\"application\/ld+json\" class=\"yoast-schema-graph\">{\"@context\":\"https:\\\/\\\/schema.org\",\"@graph\":[{\"@type\":\"WebPage\",\"@id\":\"https:\\\/\\\/www.actionenvironnementbeauvechain.be\\\/?page_id=2590\",\"url\":\"https:\\\/\\\/www.actionenvironnementbeauvechain.be\\\/?page_id=2590\",\"name\":\"Et une bonne nouvelle pour cette fin d\u2019ann\u00e9e 2021\u2026 - Action Environnement Beauvechain asbl\",\"isPartOf\":{\"@id\":\"https:\\\/\\\/www.actionenvironnementbeauvechain.be\\\/#website\"},\"primaryImageOfPage\":{\"@id\":\"https:\\\/\\\/www.actionenvironnementbeauvechain.be\\\/?page_id=2590#primaryimage\"},\"image\":{\"@id\":\"https:\\\/\\\/www.actionenvironnementbeauvechain.be\\\/?page_id=2590#primaryimage\"},\"thumbnailUrl\":\"https:\\\/\\\/www.actionenvironnementbeauvechain.be\\\/wp-content\\\/uploads\\\/2021\\\/12\\\/2017-12-6-Culot-576x1024.jpg\",\"datePublished\":\"2022-09-16T07:44:05+00:00\",\"dateModified\":\"2022-09-16T07:47:46+00:00\",\"breadcrumb\":{\"@id\":\"https:\\\/\\\/www.actionenvironnementbeauvechain.be\\\/?page_id=2590#breadcrumb\"},\"inLanguage\":\"fr-FR\",\"potentialAction\":[{\"@type\":\"ReadAction\",\"target\":[\"https:\\\/\\\/www.actionenvironnementbeauvechain.be\\\/?page_id=2590\"]}]},{\"@type\":\"ImageObject\",\"inLanguage\":\"fr-FR\",\"@id\":\"https:\\\/\\\/www.actionenvironnementbeauvechain.be\\\/?page_id=2590#primaryimage\",\"url\":\"https:\\\/\\\/www.actionenvironnementbeauvechain.be\\\/wp-content\\\/uploads\\\/2021\\\/12\\\/2017-12-6-Culot.jpg\",\"contentUrl\":\"https:\\\/\\\/www.actionenvironnementbeauvechain.be\\\/wp-content\\\/uploads\\\/2021\\\/12\\\/2017-12-6-Culot.jpg\",\"width\":675,\"height\":1200},{\"@type\":\"BreadcrumbList\",\"@id\":\"https:\\\/\\\/www.actionenvironnementbeauvechain.be\\\/?page_id=2590#breadcrumb\",\"itemListElement\":[{\"@type\":\"ListItem\",\"position\":1,\"name\":\"Accueil\",\"item\":\"https:\\\/\\\/www.actionenvironnementbeauvechain.be\\\/\"},{\"@type\":\"ListItem\",\"position\":2,\"name\":\"Et une bonne nouvelle pour cette fin d\u2019ann\u00e9e 2021\u2026\"}]},{\"@type\":\"WebSite\",\"@id\":\"https:\\\/\\\/www.actionenvironnementbeauvechain.be\\\/#website\",\"url\":\"https:\\\/\\\/www.actionenvironnementbeauvechain.be\\\/\",\"name\":\"Action Environnement Beauvechain asbl\",\"description\":\"Penser globalement, agir localement\",\"publisher\":{\"@id\":\"https:\\\/\\\/www.actionenvironnementbeauvechain.be\\\/#organization\"},\"potentialAction\":[{\"@type\":\"SearchAction\",\"target\":{\"@type\":\"EntryPoint\",\"urlTemplate\":\"https:\\\/\\\/www.actionenvironnementbeauvechain.be\\\/?s={search_term_string}\"},\"query-input\":{\"@type\":\"PropertyValueSpecification\",\"valueRequired\":true,\"valueName\":\"search_term_string\"}}],\"inLanguage\":\"fr-FR\"},{\"@type\":\"Organization\",\"@id\":\"https:\\\/\\\/www.actionenvironnementbeauvechain.be\\\/#organization\",\"name\":\"Action Environnement Beauvechain\",\"url\":\"https:\\\/\\\/www.actionenvironnementbeauvechain.be\\\/\",\"logo\":{\"@type\":\"ImageObject\",\"inLanguage\":\"fr-FR\",\"@id\":\"https:\\\/\\\/www.actionenvironnementbeauvechain.be\\\/#\\\/schema\\\/logo\\\/image\\\/\",\"url\":\"https:\\\/\\\/www.actionenvironnementbeauvechain.be\\\/wp-content\\\/uploads\\\/2021\\\/02\\\/AEB3.jpg\",\"contentUrl\":\"https:\\\/\\\/www.actionenvironnementbeauvechain.be\\\/wp-content\\\/uploads\\\/2021\\\/02\\\/AEB3.jpg\",\"width\":584,\"height\":518,\"caption\":\"Action Environnement Beauvechain\"},\"image\":{\"@id\":\"https:\\\/\\\/www.actionenvironnementbeauvechain.be\\\/#\\\/schema\\\/logo\\\/image\\\/\"},\"sameAs\":[\"https:\\\/\\\/www.facebook.com\\\/ActionEnvironnementBeauvechain\"]}]}<\/script>\n<!-- \/ Yoast SEO plugin. -->","yoast_head_json":{"title":"Et une bonne nouvelle pour cette fin d\u2019ann\u00e9e 2021\u2026 - Action Environnement Beauvechain asbl","robots":{"index":"index","follow":"follow","max-snippet":"max-snippet:-1","max-image-preview":"max-image-preview:large","max-video-preview":"max-video-preview:-1"},"canonical":"https:\/\/www.actionenvironnementbeauvechain.be\/?page_id=2590","og_locale":"fr_FR","og_type":"article","og_title":"Et une bonne nouvelle pour cette fin d\u2019ann\u00e9e 2021\u2026 - Action Environnement Beauvechain asbl","og_description":"le Conseil d\u2019Etat vient d\u2019annuler le permis du Contournement Nord de Wavre&nbsp;! Suite au recours des associations et apr\u00e8s tant d\u2019ann\u00e9es d\u2019opposition \u00e0 ce projet routier d\u00e9mesur\u00e9 et pr\u00e9judiciable aux paysages, \u00e0 la biodiversit\u00e9 et \u00e0 la mobilit\u00e9 durable, nous avons le plaisir de vous annoncer&nbsp; que&nbsp;&nbsp;le Conseil d\u2019Etat vient d\u2019annuler le permis du Contournement &hellip; Et une bonne nouvelle pour cette fin d\u2019ann\u00e9e 2021\u2026 Lire la suite\u00a0\u00bb","og_url":"https:\/\/www.actionenvironnementbeauvechain.be\/?page_id=2590","og_site_name":"Action Environnement Beauvechain asbl","article_publisher":"https:\/\/www.facebook.com\/ActionEnvironnementBeauvechain","article_modified_time":"2022-09-16T07:47:46+00:00","og_image":[{"url":"https:\/\/www.actionenvironnementbeauvechain.be\/wp-content\/uploads\/2021\/12\/2017-12-6-Culot-576x1024.jpg","type":"","width":"","height":""}],"twitter_card":"summary_large_image","twitter_misc":{"Dur\u00e9e de lecture estim\u00e9e":"1 minute"},"schema":{"@context":"https:\/\/schema.org","@graph":[{"@type":"WebPage","@id":"https:\/\/www.actionenvironnementbeauvechain.be\/?page_id=2590","url":"https:\/\/www.actionenvironnementbeauvechain.be\/?page_id=2590","name":"Et une bonne nouvelle pour cette fin d\u2019ann\u00e9e 2021\u2026 - Action Environnement Beauvechain asbl","isPartOf":{"@id":"https:\/\/www.actionenvironnementbeauvechain.be\/#website"},"primaryImageOfPage":{"@id":"https:\/\/www.actionenvironnementbeauvechain.be\/?page_id=2590#primaryimage"},"image":{"@id":"https:\/\/www.actionenvironnementbeauvechain.be\/?page_id=2590#primaryimage"},"thumbnailUrl":"https:\/\/www.actionenvironnementbeauvechain.be\/wp-content\/uploads\/2021\/12\/2017-12-6-Culot-576x1024.jpg","datePublished":"2022-09-16T07:44:05+00:00","dateModified":"2022-09-16T07:47:46+00:00","breadcrumb":{"@id":"https:\/\/www.actionenvironnementbeauvechain.be\/?page_id=2590#breadcrumb"},"inLanguage":"fr-FR","potentialAction":[{"@type":"ReadAction","target":["https:\/\/www.actionenvironnementbeauvechain.be\/?page_id=2590"]}]},{"@type":"ImageObject","inLanguage":"fr-FR","@id":"https:\/\/www.actionenvironnementbeauvechain.be\/?page_id=2590#primaryimage","url":"https:\/\/www.actionenvironnementbeauvechain.be\/wp-content\/uploads\/2021\/12\/2017-12-6-Culot.jpg","contentUrl":"https:\/\/www.actionenvironnementbeauvechain.be\/wp-content\/uploads\/2021\/12\/2017-12-6-Culot.jpg","width":675,"height":1200},{"@type":"BreadcrumbList","@id":"https:\/\/www.actionenvironnementbeauvechain.be\/?page_id=2590#breadcrumb","itemListElement":[{"@type":"ListItem","position":1,"name":"Accueil","item":"https:\/\/www.actionenvironnementbeauvechain.be\/"},{"@type":"ListItem","position":2,"name":"Et une bonne nouvelle pour cette fin d\u2019ann\u00e9e 2021\u2026"}]},{"@type":"WebSite","@id":"https:\/\/www.actionenvironnementbeauvechain.be\/#website","url":"https:\/\/www.actionenvironnementbeauvechain.be\/","name":"Action Environnement Beauvechain asbl","description":"Penser globalement, agir localement","publisher":{"@id":"https:\/\/www.actionenvironnementbeauvechain.be\/#organization"},"potentialAction":[{"@type":"SearchAction","target":{"@type":"EntryPoint","urlTemplate":"https:\/\/www.actionenvironnementbeauvechain.be\/?s={search_term_string}"},"query-input":{"@type":"PropertyValueSpecification","valueRequired":true,"valueName":"search_term_string"}}],"inLanguage":"fr-FR"},{"@type":"Organization","@id":"https:\/\/www.actionenvironnementbeauvechain.be\/#organization","name":"Action Environnement Beauvechain","url":"https:\/\/www.actionenvironnementbeauvechain.be\/","logo":{"@type":"ImageObject","inLanguage":"fr-FR","@id":"https:\/\/www.actionenvironnementbeauvechain.be\/#\/schema\/logo\/image\/","url":"https:\/\/www.actionenvironnementbeauvechain.be\/wp-content\/uploads\/2021\/02\/AEB3.jpg","contentUrl":"https:\/\/www.actionenvironnementbeauvechain.be\/wp-content\/uploads\/2021\/02\/AEB3.jpg","width":584,"height":518,"caption":"Action Environnement Beauvechain"},"image":{"@id":"https:\/\/www.actionenvironnementbeauvechain.be\/#\/schema\/logo\/image\/"},"sameAs":["https:\/\/www.facebook.com\/ActionEnvironnementBeauvechain"]}]}},"_links":{"self":[{"href":"https:\/\/www.actionenvironnementbeauvechain.be\/index.php?rest_route=\/wp\/v2\/pages\/2590","targetHints":{"allow":["GET"]}}],"collection":[{"href":"https:\/\/www.actionenvironnementbeauvechain.be\/index.php?rest_route=\/wp\/v2\/pages"}],"about":[{"href":"https:\/\/www.actionenvironnementbeauvechain.be\/index.php?rest_route=\/wp\/v2\/types\/page"}],"author":[{"embeddable":true,"href":"https:\/\/www.actionenvironnementbeauvechain.be\/index.php?rest_route=\/wp\/v2\/users\/1"}],"replies":[{"embeddable":true,"href":"https:\/\/www.actionenvironnementbeauvechain.be\/index.php?rest_route=%2Fwp%2Fv2%2Fcomments&post=2590"}],"version-history":[{"count":2,"href":"https:\/\/www.actionenvironnementbeauvechain.be\/index.php?rest_route=\/wp\/v2\/pages\/2590\/revisions"}],"predecessor-version":[{"id":2593,"href":"https:\/\/www.actionenvironnementbeauvechain.be\/index.php?rest_route=\/wp\/v2\/pages\/2590\/revisions\/2593"}],"wp:attachment":[{"href":"https:\/\/www.actionenvironnementbeauvechain.be\/index.php?rest_route=%2Fwp%2Fv2%2Fmedia&parent=2590"}],"curies":[{"name":"wp","href":"https:\/\/api.w.org\/{rel}","templated":true}]}}