{"id":2233,"date":"2021-03-24T09:19:59","date_gmt":"2021-03-24T08:19:59","guid":{"rendered":"https:\/\/www.actionenvironnementbeauvechain.be\/?page_id=2233"},"modified":"2021-03-24T09:52:17","modified_gmt":"2021-03-24T08:52:17","slug":"liens","status":"publish","type":"page","link":"https:\/\/www.actionenvironnementbeauvechain.be\/?page_id=2233","title":{"rendered":"Liens"},"content":{"rendered":"\n<ul class=\"wp-block-list\"><li><a href=\"https:\/\/www.lesamisduparcdeladyle.be\/accueil\"><\/a><a href=\"https:\/\/www.lesamisduparcdeladyle.be\/accueil\"><a href=\"https:\/\/www.lesamisduparcdeladyle.be\/accueil\">Amis du Parc de la Dyle<\/a><\/a><\/li><li><a href=\"https:\/\/www.lesamisduparcdeladyle.be\/accueil\"><a href=\"http:\/\/www.rialasbl.be\/\">RIAL\u00a0\u00a0<\/a><\/a><\/li><li><a href=\"https:\/\/www.lesamisduparcdeladyle.be\/accueil\"><a href=\"https:\/\/www.natagora.be\/\">Natagora<\/a><\/a><\/li><li><a href=\"https:\/\/www.lesamisduparcdeladyle.be\/accueil\"><a href=\"https:\/\/www.groupesentiers.be\/\">Groupe sentiers Chaumont-Gistoux<\/a><\/a><\/li><li><a href=\"https:\/\/www.lesamisduparcdeladyle.be\/accueil\"><a href=\"http:\/\/petitejauce.be\/\">La petite Jauce<\/a><\/a><\/li><li><a href=\"https:\/\/www.lesamisduparcdeladyle.be\/accueil\"><a href=\"https:\/\/lahulpeenvironnement.blogspot.com\/\">La Hulpe Environnement<\/a><\/a><\/li><li><a href=\"https:\/\/www.lesamisduparcdeladyle.be\/accueil\"><a href=\"http:\/\/crdg.eu\/\">Contrat de rivi\u00e8re Dyle-Gette<\/a><\/a><\/li><li><a href=\"https:\/\/www.lesamisduparcdeladyle.be\/accueil\"><a href=\"https:\/\/culturalite.be\/\">GAL Culturalit\u00e9 en Hesbaye braban\u00e7onne\u00a0 (programme Leader+)<\/a><\/a><\/li><li><a href=\"https:\/\/www.lesamisduparcdeladyle.be\/accueil\"><a href=\"https:\/\/www.iew.be\/\">Inter-Environnement Wallonie<\/a><\/a><\/li><li><a href=\"https:\/\/www.lesamisduparcdeladyle.be\/accueil\"><a href=\"https:\/\/www.vhm.be\/\">Vrienden van Heverleebos en Meerdaalwoud<\/a>\u00a0<\/a><\/li><li><a href=\"https:\/\/www.lesamisduparcdeladyle.be\/accueil\"><a href=\"http:\/\/natuurpuntoostbrabant.be\/\">Natuurpunt Oost Brabant\u00a0<\/a><\/a><\/li><li><a href=\"https:\/\/www.lesamisduparcdeladyle.be\/accueil\"><a href=\"http:\/\/www.belgonatura.be\/\">l\u2019Entente Nationale de Protection de la Nature<\/a><\/a><\/li><li><a href=\"https:\/\/www.lesamisduparcdeladyle.be\/accueil\"><a href=\"https:\/\/lecentreculturel.be\/\">Centre culturel de Beauvechain\u00a0<\/a><\/a><\/li><li><a href=\"https:\/\/www.lesamisduparcdeladyle.be\/accueil\"><a href=\"https:\/\/aeraquaterra.wordpress.com\/\">Aer Aqua Terra<\/a><\/a><\/li><li><a href=\"https:\/\/www.lesamisduparcdeladyle.be\/accueil\"><a href=\"https:\/\/www.facebook.com\/ContournementNordDeWavre\/\">Non au contournement nord de Wavre (Fb)<\/a><\/a><\/li><li><a href=\"https:\/\/www.lesamisduparcdeladyle.be\/accueil\"><a href=\"https:\/\/www.contournement-nord-de-wavre.be\/\">Non au contournement nord de Wavre (Site)<\/a><\/a><\/li><li><a href=\"https:\/\/www.lesamisduparcdeladyle.be\/accueil\"><a href=\"http:\/\/www.belgonatura.be\/\">Entente Nationale pour la Protection de la Nature<\/a><\/a><\/li><li><a href=\"https:\/\/www.lesamisduparcdeladyle.be\/accueil\"><a href=\"https:\/\/www.facebook.com\/Natuurgids-oud-heverlee-155463574611526\/\">Natuurgids Oud-Heverlee<\/a><\/a><\/li><li><a href=\"https:\/\/www.lesamisduparcdeladyle.be\/accueil\"><a href=\"http:\/\/climactes.org\/qui-sommes-nous-2\/\">ClimActes<\/a><\/a><\/li><\/ul>\n","protected":false},"excerpt":{"rendered":"<p>Amis du Parc de la Dyle RIAL\u00a0\u00a0 Natagora Groupe sentiers Chaumont-Gistoux La petite Jauce La Hulpe Environnement Contrat de rivi\u00e8re Dyle-Gette GAL Culturalit\u00e9 en Hesbaye braban\u00e7onne\u00a0 (programme Leader+) Inter-Environnement Wallonie Vrienden van Heverleebos en Meerdaalwoud\u00a0 Natuurpunt Oost Brabant\u00a0 l\u2019Entente Nationale de Protection de la Nature Centre culturel de Beauvechain\u00a0 Aer Aqua Terra Non au contournement &hellip;<\/p>\n<p class=\"read-more\"> <a class=\"\" href=\"https:\/\/www.actionenvironnementbeauvechain.be\/?page_id=2233\"> <span class=\"screen-reader-text\">Liens<\/span> Lire la suite\u00a0\u00bb<\/a><\/p>\n","protected":false},"author":1,"featured_media":0,"parent":0,"menu_order":0,"comment_status":"closed","ping_status":"closed","template":"","meta":{"site-sidebar-layout":"default","site-content-layout":"default","ast-main-header-display":"","ast-hfb-above-header-display":"","ast-hfb-below-header-display":"","ast-hfb-mobile-header-display":"","site-post-title":"","ast-breadcrumbs-content":"","ast-featured-img":"","footer-sml-layout":"","theme-transparent-header-meta":"default","adv-header-id-meta":"","stick-header-meta":"","header-above-stick-meta":"","header-main-stick-meta":"","header-below-stick-meta":"","footnotes":""},"class_list":["post-2233","page","type-page","status-publish","hentry"],"yoast_head":"<!-- This site is optimized with the Yoast SEO plugin v27.4 - https:\/\/yoast.com\/product\/yoast-seo-wordpress\/ -->\n<title>Liens - Action Environnement Beauvechain asbl<\/title>\n<meta name=\"robots\" content=\"index, follow, max-snippet:-1, max-image-preview:large, max-video-preview:-1\" \/>\n<link rel=\"canonical\" href=\"https:\/\/www.actionenvironnementbeauvechain.be\/?page_id=2233\" \/>\n<meta property=\"og:locale\" content=\"fr_FR\" \/>\n<meta property=\"og:type\" content=\"article\" \/>\n<meta property=\"og:title\" content=\"Liens - Action Environnement Beauvechain asbl\" \/>\n<meta property=\"og:description\" content=\"Amis du Parc de la Dyle RIAL\u00a0\u00a0 Natagora Groupe sentiers Chaumont-Gistoux La petite Jauce La Hulpe Environnement Contrat de rivi\u00e8re Dyle-Gette GAL Culturalit\u00e9 en Hesbaye braban\u00e7onne\u00a0 (programme Leader+) Inter-Environnement Wallonie Vrienden van Heverleebos en Meerdaalwoud\u00a0 Natuurpunt Oost Brabant\u00a0 l\u2019Entente Nationale de Protection de la Nature Centre culturel de Beauvechain\u00a0 Aer Aqua Terra Non au contournement &hellip; Liens Lire la suite\u00a0\u00bb\" \/>\n<meta property=\"og:url\" content=\"https:\/\/www.actionenvironnementbeauvechain.be\/?page_id=2233\" \/>\n<meta property=\"og:site_name\" content=\"Action Environnement Beauvechain asbl\" \/>\n<meta property=\"article:publisher\" content=\"https:\/\/www.facebook.com\/ActionEnvironnementBeauvechain\" \/>\n<meta property=\"article:modified_time\" content=\"2021-03-24T08:52:17+00:00\" \/>\n<meta name=\"twitter:card\" content=\"summary_large_image\" \/>\n<meta name=\"twitter:label1\" content=\"Dur\u00e9e de lecture estim\u00e9e\" \/>\n\t<meta name=\"twitter:data1\" content=\"1 minute\" \/>\n<script type=\"application\/ld+json\" class=\"yoast-schema-graph\">{\"@context\":\"https:\\\/\\\/schema.org\",\"@graph\":[{\"@type\":\"WebPage\",\"@id\":\"https:\\\/\\\/www.actionenvironnementbeauvechain.be\\\/?page_id=2233\",\"url\":\"https:\\\/\\\/www.actionenvironnementbeauvechain.be\\\/?page_id=2233\",\"name\":\"Liens - Action Environnement Beauvechain asbl\",\"isPartOf\":{\"@id\":\"https:\\\/\\\/www.actionenvironnementbeauvechain.be\\\/#website\"},\"datePublished\":\"2021-03-24T08:19:59+00:00\",\"dateModified\":\"2021-03-24T08:52:17+00:00\",\"breadcrumb\":{\"@id\":\"https:\\\/\\\/www.actionenvironnementbeauvechain.be\\\/?page_id=2233#breadcrumb\"},\"inLanguage\":\"fr-FR\",\"potentialAction\":[{\"@type\":\"ReadAction\",\"target\":[\"https:\\\/\\\/www.actionenvironnementbeauvechain.be\\\/?page_id=2233\"]}]},{\"@type\":\"BreadcrumbList\",\"@id\":\"https:\\\/\\\/www.actionenvironnementbeauvechain.be\\\/?page_id=2233#breadcrumb\",\"itemListElement\":[{\"@type\":\"ListItem\",\"position\":1,\"name\":\"Accueil\",\"item\":\"https:\\\/\\\/www.actionenvironnementbeauvechain.be\\\/\"},{\"@type\":\"ListItem\",\"position\":2,\"name\":\"Liens\"}]},{\"@type\":\"WebSite\",\"@id\":\"https:\\\/\\\/www.actionenvironnementbeauvechain.be\\\/#website\",\"url\":\"https:\\\/\\\/www.actionenvironnementbeauvechain.be\\\/\",\"name\":\"Action Environnement Beauvechain asbl\",\"description\":\"Penser globalement, agir localement\",\"publisher\":{\"@id\":\"https:\\\/\\\/www.actionenvironnementbeauvechain.be\\\/#organization\"},\"potentialAction\":[{\"@type\":\"SearchAction\",\"target\":{\"@type\":\"EntryPoint\",\"urlTemplate\":\"https:\\\/\\\/www.actionenvironnementbeauvechain.be\\\/?s={search_term_string}\"},\"query-input\":{\"@type\":\"PropertyValueSpecification\",\"valueRequired\":true,\"valueName\":\"search_term_string\"}}],\"inLanguage\":\"fr-FR\"},{\"@type\":\"Organization\",\"@id\":\"https:\\\/\\\/www.actionenvironnementbeauvechain.be\\\/#organization\",\"name\":\"Action Environnement Beauvechain\",\"url\":\"https:\\\/\\\/www.actionenvironnementbeauvechain.be\\\/\",\"logo\":{\"@type\":\"ImageObject\",\"inLanguage\":\"fr-FR\",\"@id\":\"https:\\\/\\\/www.actionenvironnementbeauvechain.be\\\/#\\\/schema\\\/logo\\\/image\\\/\",\"url\":\"https:\\\/\\\/www.actionenvironnementbeauvechain.be\\\/wp-content\\\/uploads\\\/2021\\\/02\\\/AEB3.jpg\",\"contentUrl\":\"https:\\\/\\\/www.actionenvironnementbeauvechain.be\\\/wp-content\\\/uploads\\\/2021\\\/02\\\/AEB3.jpg\",\"width\":584,\"height\":518,\"caption\":\"Action Environnement Beauvechain\"},\"image\":{\"@id\":\"https:\\\/\\\/www.actionenvironnementbeauvechain.be\\\/#\\\/schema\\\/logo\\\/image\\\/\"},\"sameAs\":[\"https:\\\/\\\/www.facebook.com\\\/ActionEnvironnementBeauvechain\"]}]}<\/script>\n<!-- \/ Yoast SEO plugin. -->","yoast_head_json":{"title":"Liens - Action Environnement Beauvechain asbl","robots":{"index":"index","follow":"follow","max-snippet":"max-snippet:-1","max-image-preview":"max-image-preview:large","max-video-preview":"max-video-preview:-1"},"canonical":"https:\/\/www.actionenvironnementbeauvechain.be\/?page_id=2233","og_locale":"fr_FR","og_type":"article","og_title":"Liens - Action Environnement Beauvechain asbl","og_description":"Amis du Parc de la Dyle RIAL\u00a0\u00a0 Natagora Groupe sentiers Chaumont-Gistoux La petite Jauce La Hulpe Environnement Contrat de rivi\u00e8re Dyle-Gette GAL Culturalit\u00e9 en Hesbaye braban\u00e7onne\u00a0 (programme Leader+) Inter-Environnement Wallonie Vrienden van Heverleebos en Meerdaalwoud\u00a0 Natuurpunt Oost Brabant\u00a0 l\u2019Entente Nationale de Protection de la Nature Centre culturel de Beauvechain\u00a0 Aer Aqua Terra Non au contournement &hellip; Liens Lire la suite\u00a0\u00bb","og_url":"https:\/\/www.actionenvironnementbeauvechain.be\/?page_id=2233","og_site_name":"Action Environnement Beauvechain asbl","article_publisher":"https:\/\/www.facebook.com\/ActionEnvironnementBeauvechain","article_modified_time":"2021-03-24T08:52:17+00:00","twitter_card":"summary_large_image","twitter_misc":{"Dur\u00e9e de lecture estim\u00e9e":"1 minute"},"schema":{"@context":"https:\/\/schema.org","@graph":[{"@type":"WebPage","@id":"https:\/\/www.actionenvironnementbeauvechain.be\/?page_id=2233","url":"https:\/\/www.actionenvironnementbeauvechain.be\/?page_id=2233","name":"Liens - Action Environnement Beauvechain asbl","isPartOf":{"@id":"https:\/\/www.actionenvironnementbeauvechain.be\/#website"},"datePublished":"2021-03-24T08:19:59+00:00","dateModified":"2021-03-24T08:52:17+00:00","breadcrumb":{"@id":"https:\/\/www.actionenvironnementbeauvechain.be\/?page_id=2233#breadcrumb"},"inLanguage":"fr-FR","potentialAction":[{"@type":"ReadAction","target":["https:\/\/www.actionenvironnementbeauvechain.be\/?page_id=2233"]}]},{"@type":"BreadcrumbList","@id":"https:\/\/www.actionenvironnementbeauvechain.be\/?page_id=2233#breadcrumb","itemListElement":[{"@type":"ListItem","position":1,"name":"Accueil","item":"https:\/\/www.actionenvironnementbeauvechain.be\/"},{"@type":"ListItem","position":2,"name":"Liens"}]},{"@type":"WebSite","@id":"https:\/\/www.actionenvironnementbeauvechain.be\/#website","url":"https:\/\/www.actionenvironnementbeauvechain.be\/","name":"Action Environnement Beauvechain asbl","description":"Penser globalement, agir localement","publisher":{"@id":"https:\/\/www.actionenvironnementbeauvechain.be\/#organization"},"potentialAction":[{"@type":"SearchAction","target":{"@type":"EntryPoint","urlTemplate":"https:\/\/www.actionenvironnementbeauvechain.be\/?s={search_term_string}"},"query-input":{"@type":"PropertyValueSpecification","valueRequired":true,"valueName":"search_term_string"}}],"inLanguage":"fr-FR"},{"@type":"Organization","@id":"https:\/\/www.actionenvironnementbeauvechain.be\/#organization","name":"Action Environnement Beauvechain","url":"https:\/\/www.actionenvironnementbeauvechain.be\/","logo":{"@type":"ImageObject","inLanguage":"fr-FR","@id":"https:\/\/www.actionenvironnementbeauvechain.be\/#\/schema\/logo\/image\/","url":"https:\/\/www.actionenvironnementbeauvechain.be\/wp-content\/uploads\/2021\/02\/AEB3.jpg","contentUrl":"https:\/\/www.actionenvironnementbeauvechain.be\/wp-content\/uploads\/2021\/02\/AEB3.jpg","width":584,"height":518,"caption":"Action Environnement Beauvechain"},"image":{"@id":"https:\/\/www.actionenvironnementbeauvechain.be\/#\/schema\/logo\/image\/"},"sameAs":["https:\/\/www.facebook.com\/ActionEnvironnementBeauvechain"]}]}},"_links":{"self":[{"href":"https:\/\/www.actionenvironnementbeauvechain.be\/index.php?rest_route=\/wp\/v2\/pages\/2233","targetHints":{"allow":["GET"]}}],"collection":[{"href":"https:\/\/www.actionenvironnementbeauvechain.be\/index.php?rest_route=\/wp\/v2\/pages"}],"about":[{"href":"https:\/\/www.actionenvironnementbeauvechain.be\/index.php?rest_route=\/wp\/v2\/types\/page"}],"author":[{"embeddable":true,"href":"https:\/\/www.actionenvironnementbeauvechain.be\/index.php?rest_route=\/wp\/v2\/users\/1"}],"replies":[{"embeddable":true,"href":"https:\/\/www.actionenvironnementbeauvechain.be\/index.php?rest_route=%2Fwp%2Fv2%2Fcomments&post=2233"}],"version-history":[{"count":4,"href":"https:\/\/www.actionenvironnementbeauvechain.be\/index.php?rest_route=\/wp\/v2\/pages\/2233\/revisions"}],"predecessor-version":[{"id":2242,"href":"https:\/\/www.actionenvironnementbeauvechain.be\/index.php?rest_route=\/wp\/v2\/pages\/2233\/revisions\/2242"}],"wp:attachment":[{"href":"https:\/\/www.actionenvironnementbeauvechain.be\/index.php?rest_route=%2Fwp%2Fv2%2Fmedia&parent=2233"}],"curies":[{"name":"wp","href":"https:\/\/api.w.org\/{rel}","templated":true}]}}