{"id":2223,"date":"2021-03-23T09:46:45","date_gmt":"2021-03-23T08:46:45","guid":{"rendered":"https:\/\/www.actionenvironnementbeauvechain.be\/?page_id=2223"},"modified":"2022-09-18T09:03:08","modified_gmt":"2022-09-18T07:03:08","slug":"balsamines","status":"publish","type":"page","link":"https:\/\/www.actionenvironnementbeauvechain.be\/?page_id=2223","title":{"rendered":"Invasives: balsamines"},"content":{"rendered":"\n<figure class=\"wp-block-image size-large\"><img loading=\"lazy\" decoding=\"async\" width=\"1024\" height=\"768\" src=\"https:\/\/www.actionenvironnementbeauvechain.be\/wp-content\/uploads\/2021\/01\/balsamine.jpg\" alt=\"\" class=\"wp-image-1329\" srcset=\"https:\/\/www.actionenvironnementbeauvechain.be\/wp-content\/uploads\/2021\/01\/balsamine.jpg 1024w, https:\/\/www.actionenvironnementbeauvechain.be\/wp-content\/uploads\/2021\/01\/balsamine-300x225.jpg 300w, https:\/\/www.actionenvironnementbeauvechain.be\/wp-content\/uploads\/2021\/01\/balsamine-768x576.jpg 768w\" sizes=\"auto, (max-width: 1024px) 100vw, 1024px\" \/><\/figure>\n\n\n\n<p>Biodiversit\u00e9: lutte contre les invasives\u2026<\/p>\n\n\n\n<p class=\"has-medium-font-size\">Apr\u00e8s 10 ann\u00e9es de lutte et avec la collaboration du Contrat de rivi\u00e8re Dyle \u2013 Gette, Action Environnement Beauvechain est heureuse de vous annoncer que la Balsamine de l\u2019Himalaya a \u00e9t\u00e9 \u00e9radiqu\u00e9e gr\u00e2ce \u00e0 l\u2019action de nos b\u00e9n\u00e9voles.<br>Cette plante invasive \u00e9tait tr\u00e8s active dans la vall\u00e9e de la N\u00e9then et de ses affluents: le Mille et le Nodebais.<\/p>\n","protected":false},"excerpt":{"rendered":"<p>Biodiversit\u00e9: lutte contre les invasives\u2026 Apr\u00e8s 10 ann\u00e9es de lutte et avec la collaboration du Contrat de rivi\u00e8re Dyle \u2013 Gette, Action Environnement Beauvechain est heureuse de vous annoncer que la Balsamine de l\u2019Himalaya a \u00e9t\u00e9 \u00e9radiqu\u00e9e gr\u00e2ce \u00e0 l\u2019action de nos b\u00e9n\u00e9voles.Cette plante invasive \u00e9tait tr\u00e8s active dans la vall\u00e9e de la N\u00e9then et &hellip;<\/p>\n<p class=\"read-more\"> <a class=\"\" href=\"https:\/\/www.actionenvironnementbeauvechain.be\/?page_id=2223\"> <span class=\"screen-reader-text\">Invasives: balsamines<\/span> Lire la suite\u00a0\u00bb<\/a><\/p>\n","protected":false},"author":1,"featured_media":0,"parent":0,"menu_order":0,"comment_status":"closed","ping_status":"closed","template":"","meta":{"site-sidebar-layout":"default","site-content-layout":"default","ast-main-header-display":"","ast-hfb-above-header-display":"","ast-hfb-below-header-display":"","ast-hfb-mobile-header-display":"","site-post-title":"","ast-breadcrumbs-content":"","ast-featured-img":"","footer-sml-layout":"","theme-transparent-header-meta":"default","adv-header-id-meta":"","stick-header-meta":"","header-above-stick-meta":"","header-main-stick-meta":"","header-below-stick-meta":"","footnotes":""},"class_list":["post-2223","page","type-page","status-publish","hentry"],"yoast_head":"<!-- This site is optimized with the Yoast SEO plugin v27.3 - https:\/\/yoast.com\/product\/yoast-seo-wordpress\/ -->\n<title>Invasives: balsamines - Action Environnement Beauvechain asbl<\/title>\n<meta name=\"robots\" content=\"index, follow, max-snippet:-1, max-image-preview:large, max-video-preview:-1\" \/>\n<link rel=\"canonical\" href=\"https:\/\/www.actionenvironnementbeauvechain.be\/?page_id=2223\" \/>\n<meta property=\"og:locale\" content=\"fr_FR\" \/>\n<meta property=\"og:type\" content=\"article\" \/>\n<meta property=\"og:title\" content=\"Invasives: balsamines - Action Environnement Beauvechain asbl\" \/>\n<meta property=\"og:description\" content=\"Biodiversit\u00e9: lutte contre les invasives\u2026 Apr\u00e8s 10 ann\u00e9es de lutte et avec la collaboration du Contrat de rivi\u00e8re Dyle \u2013 Gette, Action Environnement Beauvechain est heureuse de vous annoncer que la Balsamine de l\u2019Himalaya a \u00e9t\u00e9 \u00e9radiqu\u00e9e gr\u00e2ce \u00e0 l\u2019action de nos b\u00e9n\u00e9voles.Cette plante invasive \u00e9tait tr\u00e8s active dans la vall\u00e9e de la N\u00e9then et &hellip; Invasives: balsamines Lire la suite\u00a0\u00bb\" \/>\n<meta property=\"og:url\" content=\"https:\/\/www.actionenvironnementbeauvechain.be\/?page_id=2223\" \/>\n<meta property=\"og:site_name\" content=\"Action Environnement Beauvechain asbl\" \/>\n<meta property=\"article:publisher\" content=\"https:\/\/www.facebook.com\/ActionEnvironnementBeauvechain\" \/>\n<meta property=\"article:modified_time\" content=\"2022-09-18T07:03:08+00:00\" \/>\n<meta property=\"og:image\" content=\"https:\/\/www.actionenvironnementbeauvechain.be\/wp-content\/uploads\/2021\/01\/balsamine.jpg\" \/>\n<meta name=\"twitter:card\" content=\"summary_large_image\" \/>\n<meta name=\"twitter:label1\" content=\"Dur\u00e9e de lecture estim\u00e9e\" \/>\n\t<meta name=\"twitter:data1\" content=\"1 minute\" \/>\n<script type=\"application\/ld+json\" class=\"yoast-schema-graph\">{\"@context\":\"https:\\\/\\\/schema.org\",\"@graph\":[{\"@type\":\"WebPage\",\"@id\":\"https:\\\/\\\/www.actionenvironnementbeauvechain.be\\\/?page_id=2223\",\"url\":\"https:\\\/\\\/www.actionenvironnementbeauvechain.be\\\/?page_id=2223\",\"name\":\"Invasives: balsamines - Action Environnement Beauvechain asbl\",\"isPartOf\":{\"@id\":\"https:\\\/\\\/www.actionenvironnementbeauvechain.be\\\/#website\"},\"primaryImageOfPage\":{\"@id\":\"https:\\\/\\\/www.actionenvironnementbeauvechain.be\\\/?page_id=2223#primaryimage\"},\"image\":{\"@id\":\"https:\\\/\\\/www.actionenvironnementbeauvechain.be\\\/?page_id=2223#primaryimage\"},\"thumbnailUrl\":\"https:\\\/\\\/www.actionenvironnementbeauvechain.be\\\/wp-content\\\/uploads\\\/2021\\\/01\\\/balsamine.jpg\",\"datePublished\":\"2021-03-23T08:46:45+00:00\",\"dateModified\":\"2022-09-18T07:03:08+00:00\",\"breadcrumb\":{\"@id\":\"https:\\\/\\\/www.actionenvironnementbeauvechain.be\\\/?page_id=2223#breadcrumb\"},\"inLanguage\":\"fr-FR\",\"potentialAction\":[{\"@type\":\"ReadAction\",\"target\":[\"https:\\\/\\\/www.actionenvironnementbeauvechain.be\\\/?page_id=2223\"]}]},{\"@type\":\"ImageObject\",\"inLanguage\":\"fr-FR\",\"@id\":\"https:\\\/\\\/www.actionenvironnementbeauvechain.be\\\/?page_id=2223#primaryimage\",\"url\":\"https:\\\/\\\/www.actionenvironnementbeauvechain.be\\\/wp-content\\\/uploads\\\/2021\\\/01\\\/balsamine.jpg\",\"contentUrl\":\"https:\\\/\\\/www.actionenvironnementbeauvechain.be\\\/wp-content\\\/uploads\\\/2021\\\/01\\\/balsamine.jpg\",\"width\":1024,\"height\":768},{\"@type\":\"BreadcrumbList\",\"@id\":\"https:\\\/\\\/www.actionenvironnementbeauvechain.be\\\/?page_id=2223#breadcrumb\",\"itemListElement\":[{\"@type\":\"ListItem\",\"position\":1,\"name\":\"Accueil\",\"item\":\"https:\\\/\\\/www.actionenvironnementbeauvechain.be\\\/\"},{\"@type\":\"ListItem\",\"position\":2,\"name\":\"Invasives: balsamines\"}]},{\"@type\":\"WebSite\",\"@id\":\"https:\\\/\\\/www.actionenvironnementbeauvechain.be\\\/#website\",\"url\":\"https:\\\/\\\/www.actionenvironnementbeauvechain.be\\\/\",\"name\":\"Action Environnement Beauvechain asbl\",\"description\":\"Penser globalement, agir localement\",\"publisher\":{\"@id\":\"https:\\\/\\\/www.actionenvironnementbeauvechain.be\\\/#organization\"},\"potentialAction\":[{\"@type\":\"SearchAction\",\"target\":{\"@type\":\"EntryPoint\",\"urlTemplate\":\"https:\\\/\\\/www.actionenvironnementbeauvechain.be\\\/?s={search_term_string}\"},\"query-input\":{\"@type\":\"PropertyValueSpecification\",\"valueRequired\":true,\"valueName\":\"search_term_string\"}}],\"inLanguage\":\"fr-FR\"},{\"@type\":\"Organization\",\"@id\":\"https:\\\/\\\/www.actionenvironnementbeauvechain.be\\\/#organization\",\"name\":\"Action Environnement Beauvechain\",\"url\":\"https:\\\/\\\/www.actionenvironnementbeauvechain.be\\\/\",\"logo\":{\"@type\":\"ImageObject\",\"inLanguage\":\"fr-FR\",\"@id\":\"https:\\\/\\\/www.actionenvironnementbeauvechain.be\\\/#\\\/schema\\\/logo\\\/image\\\/\",\"url\":\"https:\\\/\\\/www.actionenvironnementbeauvechain.be\\\/wp-content\\\/uploads\\\/2021\\\/02\\\/AEB3.jpg\",\"contentUrl\":\"https:\\\/\\\/www.actionenvironnementbeauvechain.be\\\/wp-content\\\/uploads\\\/2021\\\/02\\\/AEB3.jpg\",\"width\":584,\"height\":518,\"caption\":\"Action Environnement Beauvechain\"},\"image\":{\"@id\":\"https:\\\/\\\/www.actionenvironnementbeauvechain.be\\\/#\\\/schema\\\/logo\\\/image\\\/\"},\"sameAs\":[\"https:\\\/\\\/www.facebook.com\\\/ActionEnvironnementBeauvechain\"]}]}<\/script>\n<!-- \/ Yoast SEO plugin. -->","yoast_head_json":{"title":"Invasives: balsamines - Action Environnement Beauvechain asbl","robots":{"index":"index","follow":"follow","max-snippet":"max-snippet:-1","max-image-preview":"max-image-preview:large","max-video-preview":"max-video-preview:-1"},"canonical":"https:\/\/www.actionenvironnementbeauvechain.be\/?page_id=2223","og_locale":"fr_FR","og_type":"article","og_title":"Invasives: balsamines - Action Environnement Beauvechain asbl","og_description":"Biodiversit\u00e9: lutte contre les invasives\u2026 Apr\u00e8s 10 ann\u00e9es de lutte et avec la collaboration du Contrat de rivi\u00e8re Dyle \u2013 Gette, Action Environnement Beauvechain est heureuse de vous annoncer que la Balsamine de l\u2019Himalaya a \u00e9t\u00e9 \u00e9radiqu\u00e9e gr\u00e2ce \u00e0 l\u2019action de nos b\u00e9n\u00e9voles.Cette plante invasive \u00e9tait tr\u00e8s active dans la vall\u00e9e de la N\u00e9then et &hellip; Invasives: balsamines Lire la suite\u00a0\u00bb","og_url":"https:\/\/www.actionenvironnementbeauvechain.be\/?page_id=2223","og_site_name":"Action Environnement Beauvechain asbl","article_publisher":"https:\/\/www.facebook.com\/ActionEnvironnementBeauvechain","article_modified_time":"2022-09-18T07:03:08+00:00","og_image":[{"url":"https:\/\/www.actionenvironnementbeauvechain.be\/wp-content\/uploads\/2021\/01\/balsamine.jpg","type":"","width":"","height":""}],"twitter_card":"summary_large_image","twitter_misc":{"Dur\u00e9e de lecture estim\u00e9e":"1 minute"},"schema":{"@context":"https:\/\/schema.org","@graph":[{"@type":"WebPage","@id":"https:\/\/www.actionenvironnementbeauvechain.be\/?page_id=2223","url":"https:\/\/www.actionenvironnementbeauvechain.be\/?page_id=2223","name":"Invasives: balsamines - Action Environnement Beauvechain asbl","isPartOf":{"@id":"https:\/\/www.actionenvironnementbeauvechain.be\/#website"},"primaryImageOfPage":{"@id":"https:\/\/www.actionenvironnementbeauvechain.be\/?page_id=2223#primaryimage"},"image":{"@id":"https:\/\/www.actionenvironnementbeauvechain.be\/?page_id=2223#primaryimage"},"thumbnailUrl":"https:\/\/www.actionenvironnementbeauvechain.be\/wp-content\/uploads\/2021\/01\/balsamine.jpg","datePublished":"2021-03-23T08:46:45+00:00","dateModified":"2022-09-18T07:03:08+00:00","breadcrumb":{"@id":"https:\/\/www.actionenvironnementbeauvechain.be\/?page_id=2223#breadcrumb"},"inLanguage":"fr-FR","potentialAction":[{"@type":"ReadAction","target":["https:\/\/www.actionenvironnementbeauvechain.be\/?page_id=2223"]}]},{"@type":"ImageObject","inLanguage":"fr-FR","@id":"https:\/\/www.actionenvironnementbeauvechain.be\/?page_id=2223#primaryimage","url":"https:\/\/www.actionenvironnementbeauvechain.be\/wp-content\/uploads\/2021\/01\/balsamine.jpg","contentUrl":"https:\/\/www.actionenvironnementbeauvechain.be\/wp-content\/uploads\/2021\/01\/balsamine.jpg","width":1024,"height":768},{"@type":"BreadcrumbList","@id":"https:\/\/www.actionenvironnementbeauvechain.be\/?page_id=2223#breadcrumb","itemListElement":[{"@type":"ListItem","position":1,"name":"Accueil","item":"https:\/\/www.actionenvironnementbeauvechain.be\/"},{"@type":"ListItem","position":2,"name":"Invasives: balsamines"}]},{"@type":"WebSite","@id":"https:\/\/www.actionenvironnementbeauvechain.be\/#website","url":"https:\/\/www.actionenvironnementbeauvechain.be\/","name":"Action Environnement Beauvechain asbl","description":"Penser globalement, agir localement","publisher":{"@id":"https:\/\/www.actionenvironnementbeauvechain.be\/#organization"},"potentialAction":[{"@type":"SearchAction","target":{"@type":"EntryPoint","urlTemplate":"https:\/\/www.actionenvironnementbeauvechain.be\/?s={search_term_string}"},"query-input":{"@type":"PropertyValueSpecification","valueRequired":true,"valueName":"search_term_string"}}],"inLanguage":"fr-FR"},{"@type":"Organization","@id":"https:\/\/www.actionenvironnementbeauvechain.be\/#organization","name":"Action Environnement Beauvechain","url":"https:\/\/www.actionenvironnementbeauvechain.be\/","logo":{"@type":"ImageObject","inLanguage":"fr-FR","@id":"https:\/\/www.actionenvironnementbeauvechain.be\/#\/schema\/logo\/image\/","url":"https:\/\/www.actionenvironnementbeauvechain.be\/wp-content\/uploads\/2021\/02\/AEB3.jpg","contentUrl":"https:\/\/www.actionenvironnementbeauvechain.be\/wp-content\/uploads\/2021\/02\/AEB3.jpg","width":584,"height":518,"caption":"Action Environnement Beauvechain"},"image":{"@id":"https:\/\/www.actionenvironnementbeauvechain.be\/#\/schema\/logo\/image\/"},"sameAs":["https:\/\/www.facebook.com\/ActionEnvironnementBeauvechain"]}]}},"_links":{"self":[{"href":"https:\/\/www.actionenvironnementbeauvechain.be\/index.php?rest_route=\/wp\/v2\/pages\/2223","targetHints":{"allow":["GET"]}}],"collection":[{"href":"https:\/\/www.actionenvironnementbeauvechain.be\/index.php?rest_route=\/wp\/v2\/pages"}],"about":[{"href":"https:\/\/www.actionenvironnementbeauvechain.be\/index.php?rest_route=\/wp\/v2\/types\/page"}],"author":[{"embeddable":true,"href":"https:\/\/www.actionenvironnementbeauvechain.be\/index.php?rest_route=\/wp\/v2\/users\/1"}],"replies":[{"embeddable":true,"href":"https:\/\/www.actionenvironnementbeauvechain.be\/index.php?rest_route=%2Fwp%2Fv2%2Fcomments&post=2223"}],"version-history":[{"count":3,"href":"https:\/\/www.actionenvironnementbeauvechain.be\/index.php?rest_route=\/wp\/v2\/pages\/2223\/revisions"}],"predecessor-version":[{"id":2600,"href":"https:\/\/www.actionenvironnementbeauvechain.be\/index.php?rest_route=\/wp\/v2\/pages\/2223\/revisions\/2600"}],"wp:attachment":[{"href":"https:\/\/www.actionenvironnementbeauvechain.be\/index.php?rest_route=%2Fwp%2Fv2%2Fmedia&parent=2223"}],"curies":[{"name":"wp","href":"https:\/\/api.w.org\/{rel}","templated":true}]}}