{"id":1969,"date":"2021-02-27T14:34:07","date_gmt":"2021-02-27T13:34:07","guid":{"rendered":"https:\/\/www.actionenvironnementbeauvechain.be\/?page_id=1969"},"modified":"2021-02-27T14:38:46","modified_gmt":"2021-02-27T13:38:46","slug":"saint-martin-1994-lannee-europeenne-de-conservation-de-la-nature-aecn-et-les-jardins-naturels","status":"publish","type":"page","link":"https:\/\/www.actionenvironnementbeauvechain.be\/?page_id=1969","title":{"rendered":"Saint-Martin 1994 \u2013 L\u2019Ann\u00e9e Europ\u00e9enne de Conservation de la Nature (AECN) et les jardins naturels"},"content":{"rendered":"\n<p class=\"has-text-align-center\">Dans le cadre des f\u00eates de la Saint-Martin \u00e0 Tourinnes-La-Grosse:<\/p>\n\n\n\n<p class=\"has-text-align-center\"><strong>ACTION ENVIRONNEMENT BEAUVECHAIN<\/strong><\/p>\n\n\n\n<p class=\"has-text-align-center\">INVITE LE PEINTRE ANIMALIER\u00a0S. ROUSSEAU<br>ET<br>PR\u00c9SENTE EN PHOTOGRAPHIES<\/p>\n\n\n\n<p class=\"has-text-align-center\"><strong>1995, ANN\u00c9E EUROP\u00c9ENNE DE LA CONSERVATION&nbsp;DE LA NATURE.<\/strong><\/p>\n\n\n\n<p class=\"has-text-align-center\">Jean-S\u00e9bastien Rousseau, la passion de la nature, dessins \u00e0 l\u2019encre de chine, aquarelles et gouaches.<\/p>\n\n\n\n<p class=\"has-text-align-center\">Jean-S\u00e9bastien Rousseau, jeune peintre dessinateur de 29 ans est bien parti pour faire une brillante carri\u00e8re dans le milieu des artistes animaliers. Il nous d\u00e9voilera, lors de ces f\u00eates de la Saint-Martin ses premiers chefs-d\u2019oeuvre<\/p>\n\n\n\n<p><em><strong>En 1970, l\u2019Ann\u00e9e Europ\u00e9enne de la Conservation de la Nature, d\u00e9clencha une prise de conscience g\u00e9n\u00e9rale de l\u2019imp\u00e9rieuse n\u00e9cessit\u00e9 de prot\u00e9ger notre environnement. Vingt-cinq ans apr\u00e8s, le Conseil de l\u2019Europe nous invite \u00e0 aller plus loin, en s\u2019attachant plus particuli\u00e8rement \u00e0 la conservation de la nature en dehors des zones prot\u00e9g\u00e9es. L\u2019exposition sera donc ax\u00e9e sur l\u2019entretien \u00e9cologique des bords de route, la gestion des combles et clochers, l\u2019am\u00e9nagement d\u2019un coin Nature dans les jardins priv\u00e9s; autant d\u2019actions concr\u00e8tes pour restaurer nos paysages ruraux et prot\u00e9ger la faune et la flore de nos campagnes.<\/strong><\/em><\/p>\n\n\n<div class=\"ead-preview\"><div class=\"ead-document\" style=\"position: relative;padding-top: 90%\"><div class=\"ead-iframe-wrapper\"><iframe src=\"\/\/docs.google.com\/viewer?url=https%3A%2F%2Fwww.actionenvironnementbeauvechain.be%2Fwp-content%2Fuploads%2F2021%2F02%2F1994-AECN-CATALOGUE.pdf&amp;embedded=true&amp;hl=en\" title=\"Document embarqu\u00e9\" class=\"ead-iframe\" style=\"width: 100%;height: 100%;border: none;position: absolute;left: 0;top: 0;visibility: hidden;\"><\/iframe><\/div>\t\t\t<div class=\"ead-document-loading\" style=\"width:100%;height:100%;position:absolute;left:0;top:0;z-index:10\">\n\t\t\t\t<div class=\"ead-loading-wrap\">\n\t\t\t\t\t<div class=\"ead-loading-main\">\n\t\t\t\t\t\t<div class=\"ead-loading\">\n\t\t\t\t\t\t\t<img loading=\"lazy\" decoding=\"async\" src=\"https:\/\/www.actionenvironnementbeauvechain.be\/wp-content\/plugins\/embed-any-document\/images\/loading.svg\" width=\"55\" height=\"55\" alt=\"Chargeur\">\n\t\t\t\t\t\t\t<span>En cours de chargement&hellip;<\/span>\n\t\t\t\t\t\t<\/div>\n\t\t\t\t\t<\/div>\n\t\t\t\t\t<div class=\"ead-loading-foot\">\n\t\t\t\t\t\t<div class=\"ead-loading-foot-title\">\n\t\t\t\t\t\t\t<img loading=\"lazy\" decoding=\"async\" src=\"https:\/\/www.actionenvironnementbeauvechain.be\/wp-content\/plugins\/embed-any-document\/images\/EAD-logo.svg\" alt=\"Logo EAD\" width=\"36\" height=\"23\"\/>\n\t\t\t\t\t\t\t<span>Cela prend trop de temps\u00a0?<\/span>\n\t\t\t\t\t\t<\/div>\n\t\t\t\t\t\t<p>\n\t\t\t\t\t\t\t<div class=\"ead-document-btn ead-reload-btn\" role=\"button\">\n\t\t\t\t\t\t\t\t<img loading=\"lazy\" decoding=\"async\" src=\"https:\/\/www.actionenvironnementbeauvechain.be\/wp-content\/plugins\/embed-any-document\/images\/reload.svg\" alt=\"Recharger\" width=\"12\" height=\"12\"\/> Recharger le document\t\t\t\t\t\t\t<\/div>\n\t\t\t\t\t\t\t<span>|<\/span>\n\t\t\t\t\t\t\t<a href=\"https:\/\/www.actionenvironnementbeauvechain.be\/wp-content\/uploads\/2021\/02\/1994-AECN-CATALOGUE.pdf\" class=\"ead-document-btn\" target=\"_blank\">\n\t\t\t\t\t\t\t\t<img loading=\"lazy\" decoding=\"async\" src=\"https:\/\/www.actionenvironnementbeauvechain.be\/wp-content\/plugins\/embed-any-document\/images\/open.svg\" alt=\"Ouvert\" width=\"12\" height=\"12\"\/> Ouvrir dans un nouvel onglet\t\t\t\t\t\t\t<\/a>\n\t\t\t\t\t<\/div>\n\t\t\t\t<\/div>\n\t\t\t<\/div>\n\t\t<\/div><\/div>","protected":false},"excerpt":{"rendered":"<p>Dans le cadre des f\u00eates de la Saint-Martin \u00e0 Tourinnes-La-Grosse: ACTION ENVIRONNEMENT BEAUVECHAIN INVITE LE PEINTRE ANIMALIER\u00a0S. ROUSSEAUETPR\u00c9SENTE EN PHOTOGRAPHIES 1995, ANN\u00c9E EUROP\u00c9ENNE DE LA CONSERVATION&nbsp;DE LA NATURE. Jean-S\u00e9bastien Rousseau, la passion de la nature, dessins \u00e0 l\u2019encre de chine, aquarelles et gouaches. Jean-S\u00e9bastien Rousseau, jeune peintre dessinateur de 29 ans est bien parti pour &hellip;<\/p>\n<p class=\"read-more\"> <a class=\"\" href=\"https:\/\/www.actionenvironnementbeauvechain.be\/?page_id=1969\"> <span class=\"screen-reader-text\">Saint-Martin 1994 \u2013 L\u2019Ann\u00e9e Europ\u00e9enne de Conservation de la Nature (AECN) et les jardins naturels<\/span> Lire la suite\u00a0\u00bb<\/a><\/p>\n","protected":false},"author":1,"featured_media":0,"parent":0,"menu_order":0,"comment_status":"closed","ping_status":"closed","template":"","meta":{"site-sidebar-layout":"default","site-content-layout":"default","ast-main-header-display":"","ast-hfb-above-header-display":"","ast-hfb-below-header-display":"","ast-hfb-mobile-header-display":"","site-post-title":"","ast-breadcrumbs-content":"","ast-featured-img":"","footer-sml-layout":"","theme-transparent-header-meta":"default","adv-header-id-meta":"","stick-header-meta":"","header-above-stick-meta":"","header-main-stick-meta":"","header-below-stick-meta":"","footnotes":""},"class_list":["post-1969","page","type-page","status-publish","hentry"],"yoast_head":"<!-- This site is optimized with the Yoast SEO plugin v27.4 - https:\/\/yoast.com\/product\/yoast-seo-wordpress\/ -->\n<title>Saint-Martin 1994 \u2013 L\u2019Ann\u00e9e Europ\u00e9enne de Conservation de la Nature (AECN) et les jardins naturels - Action Environnement Beauvechain asbl<\/title>\n<meta name=\"robots\" content=\"index, follow, max-snippet:-1, max-image-preview:large, max-video-preview:-1\" \/>\n<link rel=\"canonical\" href=\"https:\/\/www.actionenvironnementbeauvechain.be\/?page_id=1969\" \/>\n<meta property=\"og:locale\" content=\"fr_FR\" \/>\n<meta property=\"og:type\" content=\"article\" \/>\n<meta property=\"og:title\" content=\"Saint-Martin 1994 \u2013 L\u2019Ann\u00e9e Europ\u00e9enne de Conservation de la Nature (AECN) et les jardins naturels - Action Environnement Beauvechain asbl\" \/>\n<meta property=\"og:description\" content=\"Dans le cadre des f\u00eates de la Saint-Martin \u00e0 Tourinnes-La-Grosse: ACTION ENVIRONNEMENT BEAUVECHAIN INVITE LE PEINTRE ANIMALIER\u00a0S. ROUSSEAUETPR\u00c9SENTE EN PHOTOGRAPHIES 1995, ANN\u00c9E EUROP\u00c9ENNE DE LA CONSERVATION&nbsp;DE LA NATURE. Jean-S\u00e9bastien Rousseau, la passion de la nature, dessins \u00e0 l\u2019encre de chine, aquarelles et gouaches. Jean-S\u00e9bastien Rousseau, jeune peintre dessinateur de 29 ans est bien parti pour &hellip; Saint-Martin 1994 \u2013 L\u2019Ann\u00e9e Europ\u00e9enne de Conservation de la Nature (AECN) et les jardins naturels Lire la suite\u00a0\u00bb\" \/>\n<meta property=\"og:url\" content=\"https:\/\/www.actionenvironnementbeauvechain.be\/?page_id=1969\" \/>\n<meta property=\"og:site_name\" content=\"Action Environnement Beauvechain asbl\" \/>\n<meta property=\"article:publisher\" content=\"https:\/\/www.facebook.com\/ActionEnvironnementBeauvechain\" \/>\n<meta property=\"article:modified_time\" content=\"2021-02-27T13:38:46+00:00\" \/>\n<meta name=\"twitter:card\" content=\"summary_large_image\" \/>\n<meta name=\"twitter:label1\" content=\"Dur\u00e9e de lecture estim\u00e9e\" \/>\n\t<meta name=\"twitter:data1\" content=\"1 minute\" \/>\n<script type=\"application\/ld+json\" class=\"yoast-schema-graph\">{\"@context\":\"https:\\\/\\\/schema.org\",\"@graph\":[{\"@type\":\"WebPage\",\"@id\":\"https:\\\/\\\/www.actionenvironnementbeauvechain.be\\\/?page_id=1969\",\"url\":\"https:\\\/\\\/www.actionenvironnementbeauvechain.be\\\/?page_id=1969\",\"name\":\"Saint-Martin 1994 \u2013 L\u2019Ann\u00e9e Europ\u00e9enne de Conservation de la Nature (AECN) et les jardins naturels - Action Environnement Beauvechain asbl\",\"isPartOf\":{\"@id\":\"https:\\\/\\\/www.actionenvironnementbeauvechain.be\\\/#website\"},\"datePublished\":\"2021-02-27T13:34:07+00:00\",\"dateModified\":\"2021-02-27T13:38:46+00:00\",\"breadcrumb\":{\"@id\":\"https:\\\/\\\/www.actionenvironnementbeauvechain.be\\\/?page_id=1969#breadcrumb\"},\"inLanguage\":\"fr-FR\",\"potentialAction\":[{\"@type\":\"ReadAction\",\"target\":[\"https:\\\/\\\/www.actionenvironnementbeauvechain.be\\\/?page_id=1969\"]}]},{\"@type\":\"BreadcrumbList\",\"@id\":\"https:\\\/\\\/www.actionenvironnementbeauvechain.be\\\/?page_id=1969#breadcrumb\",\"itemListElement\":[{\"@type\":\"ListItem\",\"position\":1,\"name\":\"Accueil\",\"item\":\"https:\\\/\\\/www.actionenvironnementbeauvechain.be\\\/\"},{\"@type\":\"ListItem\",\"position\":2,\"name\":\"Saint-Martin 1994 \u2013 L\u2019Ann\u00e9e Europ\u00e9enne de Conservation de la Nature (AECN) et les jardins naturels\"}]},{\"@type\":\"WebSite\",\"@id\":\"https:\\\/\\\/www.actionenvironnementbeauvechain.be\\\/#website\",\"url\":\"https:\\\/\\\/www.actionenvironnementbeauvechain.be\\\/\",\"name\":\"Action Environnement Beauvechain asbl\",\"description\":\"Penser globalement, agir localement\",\"publisher\":{\"@id\":\"https:\\\/\\\/www.actionenvironnementbeauvechain.be\\\/#organization\"},\"potentialAction\":[{\"@type\":\"SearchAction\",\"target\":{\"@type\":\"EntryPoint\",\"urlTemplate\":\"https:\\\/\\\/www.actionenvironnementbeauvechain.be\\\/?s={search_term_string}\"},\"query-input\":{\"@type\":\"PropertyValueSpecification\",\"valueRequired\":true,\"valueName\":\"search_term_string\"}}],\"inLanguage\":\"fr-FR\"},{\"@type\":\"Organization\",\"@id\":\"https:\\\/\\\/www.actionenvironnementbeauvechain.be\\\/#organization\",\"name\":\"Action Environnement Beauvechain\",\"url\":\"https:\\\/\\\/www.actionenvironnementbeauvechain.be\\\/\",\"logo\":{\"@type\":\"ImageObject\",\"inLanguage\":\"fr-FR\",\"@id\":\"https:\\\/\\\/www.actionenvironnementbeauvechain.be\\\/#\\\/schema\\\/logo\\\/image\\\/\",\"url\":\"https:\\\/\\\/www.actionenvironnementbeauvechain.be\\\/wp-content\\\/uploads\\\/2021\\\/02\\\/AEB3.jpg\",\"contentUrl\":\"https:\\\/\\\/www.actionenvironnementbeauvechain.be\\\/wp-content\\\/uploads\\\/2021\\\/02\\\/AEB3.jpg\",\"width\":584,\"height\":518,\"caption\":\"Action Environnement Beauvechain\"},\"image\":{\"@id\":\"https:\\\/\\\/www.actionenvironnementbeauvechain.be\\\/#\\\/schema\\\/logo\\\/image\\\/\"},\"sameAs\":[\"https:\\\/\\\/www.facebook.com\\\/ActionEnvironnementBeauvechain\"]}]}<\/script>\n<!-- \/ Yoast SEO plugin. -->","yoast_head_json":{"title":"Saint-Martin 1994 \u2013 L\u2019Ann\u00e9e Europ\u00e9enne de Conservation de la Nature (AECN) et les jardins naturels - Action Environnement Beauvechain asbl","robots":{"index":"index","follow":"follow","max-snippet":"max-snippet:-1","max-image-preview":"max-image-preview:large","max-video-preview":"max-video-preview:-1"},"canonical":"https:\/\/www.actionenvironnementbeauvechain.be\/?page_id=1969","og_locale":"fr_FR","og_type":"article","og_title":"Saint-Martin 1994 \u2013 L\u2019Ann\u00e9e Europ\u00e9enne de Conservation de la Nature (AECN) et les jardins naturels - Action Environnement Beauvechain asbl","og_description":"Dans le cadre des f\u00eates de la Saint-Martin \u00e0 Tourinnes-La-Grosse: ACTION ENVIRONNEMENT BEAUVECHAIN INVITE LE PEINTRE ANIMALIER\u00a0S. ROUSSEAUETPR\u00c9SENTE EN PHOTOGRAPHIES 1995, ANN\u00c9E EUROP\u00c9ENNE DE LA CONSERVATION&nbsp;DE LA NATURE. Jean-S\u00e9bastien Rousseau, la passion de la nature, dessins \u00e0 l\u2019encre de chine, aquarelles et gouaches. Jean-S\u00e9bastien Rousseau, jeune peintre dessinateur de 29 ans est bien parti pour &hellip; Saint-Martin 1994 \u2013 L\u2019Ann\u00e9e Europ\u00e9enne de Conservation de la Nature (AECN) et les jardins naturels Lire la suite\u00a0\u00bb","og_url":"https:\/\/www.actionenvironnementbeauvechain.be\/?page_id=1969","og_site_name":"Action Environnement Beauvechain asbl","article_publisher":"https:\/\/www.facebook.com\/ActionEnvironnementBeauvechain","article_modified_time":"2021-02-27T13:38:46+00:00","twitter_card":"summary_large_image","twitter_misc":{"Dur\u00e9e de lecture estim\u00e9e":"1 minute"},"schema":{"@context":"https:\/\/schema.org","@graph":[{"@type":"WebPage","@id":"https:\/\/www.actionenvironnementbeauvechain.be\/?page_id=1969","url":"https:\/\/www.actionenvironnementbeauvechain.be\/?page_id=1969","name":"Saint-Martin 1994 \u2013 L\u2019Ann\u00e9e Europ\u00e9enne de Conservation de la Nature (AECN) et les jardins naturels - Action Environnement Beauvechain asbl","isPartOf":{"@id":"https:\/\/www.actionenvironnementbeauvechain.be\/#website"},"datePublished":"2021-02-27T13:34:07+00:00","dateModified":"2021-02-27T13:38:46+00:00","breadcrumb":{"@id":"https:\/\/www.actionenvironnementbeauvechain.be\/?page_id=1969#breadcrumb"},"inLanguage":"fr-FR","potentialAction":[{"@type":"ReadAction","target":["https:\/\/www.actionenvironnementbeauvechain.be\/?page_id=1969"]}]},{"@type":"BreadcrumbList","@id":"https:\/\/www.actionenvironnementbeauvechain.be\/?page_id=1969#breadcrumb","itemListElement":[{"@type":"ListItem","position":1,"name":"Accueil","item":"https:\/\/www.actionenvironnementbeauvechain.be\/"},{"@type":"ListItem","position":2,"name":"Saint-Martin 1994 \u2013 L\u2019Ann\u00e9e Europ\u00e9enne de Conservation de la Nature (AECN) et les jardins naturels"}]},{"@type":"WebSite","@id":"https:\/\/www.actionenvironnementbeauvechain.be\/#website","url":"https:\/\/www.actionenvironnementbeauvechain.be\/","name":"Action Environnement Beauvechain asbl","description":"Penser globalement, agir localement","publisher":{"@id":"https:\/\/www.actionenvironnementbeauvechain.be\/#organization"},"potentialAction":[{"@type":"SearchAction","target":{"@type":"EntryPoint","urlTemplate":"https:\/\/www.actionenvironnementbeauvechain.be\/?s={search_term_string}"},"query-input":{"@type":"PropertyValueSpecification","valueRequired":true,"valueName":"search_term_string"}}],"inLanguage":"fr-FR"},{"@type":"Organization","@id":"https:\/\/www.actionenvironnementbeauvechain.be\/#organization","name":"Action Environnement Beauvechain","url":"https:\/\/www.actionenvironnementbeauvechain.be\/","logo":{"@type":"ImageObject","inLanguage":"fr-FR","@id":"https:\/\/www.actionenvironnementbeauvechain.be\/#\/schema\/logo\/image\/","url":"https:\/\/www.actionenvironnementbeauvechain.be\/wp-content\/uploads\/2021\/02\/AEB3.jpg","contentUrl":"https:\/\/www.actionenvironnementbeauvechain.be\/wp-content\/uploads\/2021\/02\/AEB3.jpg","width":584,"height":518,"caption":"Action Environnement Beauvechain"},"image":{"@id":"https:\/\/www.actionenvironnementbeauvechain.be\/#\/schema\/logo\/image\/"},"sameAs":["https:\/\/www.facebook.com\/ActionEnvironnementBeauvechain"]}]}},"_links":{"self":[{"href":"https:\/\/www.actionenvironnementbeauvechain.be\/index.php?rest_route=\/wp\/v2\/pages\/1969","targetHints":{"allow":["GET"]}}],"collection":[{"href":"https:\/\/www.actionenvironnementbeauvechain.be\/index.php?rest_route=\/wp\/v2\/pages"}],"about":[{"href":"https:\/\/www.actionenvironnementbeauvechain.be\/index.php?rest_route=\/wp\/v2\/types\/page"}],"author":[{"embeddable":true,"href":"https:\/\/www.actionenvironnementbeauvechain.be\/index.php?rest_route=\/wp\/v2\/users\/1"}],"replies":[{"embeddable":true,"href":"https:\/\/www.actionenvironnementbeauvechain.be\/index.php?rest_route=%2Fwp%2Fv2%2Fcomments&post=1969"}],"version-history":[{"count":2,"href":"https:\/\/www.actionenvironnementbeauvechain.be\/index.php?rest_route=\/wp\/v2\/pages\/1969\/revisions"}],"predecessor-version":[{"id":1972,"href":"https:\/\/www.actionenvironnementbeauvechain.be\/index.php?rest_route=\/wp\/v2\/pages\/1969\/revisions\/1972"}],"wp:attachment":[{"href":"https:\/\/www.actionenvironnementbeauvechain.be\/index.php?rest_route=%2Fwp%2Fv2%2Fmedia&parent=1969"}],"curies":[{"name":"wp","href":"https:\/\/api.w.org\/{rel}","templated":true}]}}