{"id":1367,"date":"2021-01-30T17:42:36","date_gmt":"2021-01-30T16:42:36","guid":{"rendered":"http:\/\/www.actionenvironnementbeauvechain.be\/?page_id=1367"},"modified":"2021-01-30T17:44:56","modified_gmt":"2021-01-30T16:44:56","slug":"2011-des-panneaux-solaires-sur-les-batiments-communaux","status":"publish","type":"page","link":"https:\/\/www.actionenvironnementbeauvechain.be\/?page_id=1367","title":{"rendered":"2011 Des panneaux solaires sur les b\u00e2timents communaux"},"content":{"rendered":"<table width=\"487\">\n<tbody>\n<tr>\n<td>\n<p style=\"text-align: right;\"><strong>Coll\u00e8ge des Bourgmestre et Echevins de Beauvechain<\/strong><\/p>\n<p style=\"text-align: right;\">Place communale, 3<\/p>\n<p style=\"text-align: right;\">1320 \u00a0\u00a0\u00a0\u00a0\u00a0\u00a0\u00a0\u00a0\u00a0\u00a0\u00a0\u00a0\u00a0\u00a0\u00a0\u00a0\u00a0\u00a0\u00a0\u00a0\u00a0\u00a0\u00a0\u00a0\u00a0\u00a0\u00a0\u00a0\u00a0\u00a0\u00a0\u00a0\u00a0\u00a0\u00a0\u00a0\u00a0\u00a0\u00a0\u00a0 Beauvechain<\/p>\n<\/td>\n<\/tr>\n<\/tbody>\n<\/table>\n<p>\u00a0<\/p>\n<p style=\"text-align: right;\">Beauvechain, le 29 juin 2011<\/p>\n<p>\u00a0<\/p>\n<p>\u00a0<\/p>\n<p>Monsieur le Bourgmestre,<br \/>Mesdames et Messieurs les Echevins,<\/p>\n<p>\u00a0<\/p>\n<p><u>Concerne<\/u>\u00a0:\u00a0\u00a0\u00a0\u00a0\u00a0 Enqu\u00eate Publique Placement de panneaux photovolta\u00efques sur la maison communale, le Vert Galant et l\u2019\u00e9cole communale de Tourinnes-la-Grosse<\/p>\n<p>\u00a0<\/p>\n<p>\u00a0<\/p>\n<p>Par la pr\u00e9sente, Action Environnement Beauvechain, dont nous rappelons le caract\u00e8re apolitique et ind\u00e9pendant, tient \u00e0 exprimer toute sa satisfaction de voir les \u00e9coles et b\u00e2timents communaux \u00e9quip\u00e9s de panneaux solaires. Ce n\u2019est que par une telle politique volontariste que la Wallonie pourra atteindre l\u2019objectif des 20% d\u2019\u00e9nergies renouvelables en 2020, et 30% d\u2019\u00e9lectricit\u00e9 verte en 2016\u00a0!<\/p>\n<p>Nous remercions la commune d\u2019y apporter sa contribution et esp\u00e9rons qu\u2019elle sera suivie par de nombreuses autres\u2026<\/p>\n<p>N\u2019oublions pas non plus l\u2019important potentiel d\u2019\u00e9conomie d\u2019\u00e9nergie que constituent les panneaux solaires thermiques\u2026<\/p>\n<p>L\u2019urgence climatique justifie les d\u00e9rogations au RGBSR dans ce cas de pose de panneaux solaires. Afin de limiter les d\u00e9rogations, il nous semble opportun d\u2019adapter ce r\u00e8glement \u00e0 l\u2019\u00e9volution actuelle et de privil\u00e9gier dans les zones soumises au RGBSR la pose de panneaux incorpor\u00e9s dans la toiture et de structure et couleur en accord avec le b\u00e2ti afin d\u2019en limiter l\u2019impact visuel.<\/p>\n<p>Vous remerciant d\u2019avance de l\u2019int\u00e9r\u00eat que vous accorderez \u00e0 la pr\u00e9sente, nous vous prions de croire, Monsieur le Bourgmestre, Mesdames et Messieurs les Echevins, \u00e0 nos salutations distingu\u00e9es,<\/p>\n<p>\u00a0<\/p>\n","protected":false},"excerpt":{"rendered":"<p>Coll\u00e8ge des Bourgmestre et Echevins de Beauvechain Place communale, 3 1320 \u00a0\u00a0\u00a0\u00a0\u00a0\u00a0\u00a0\u00a0\u00a0\u00a0\u00a0\u00a0\u00a0\u00a0\u00a0\u00a0\u00a0\u00a0\u00a0\u00a0\u00a0\u00a0\u00a0\u00a0\u00a0\u00a0\u00a0\u00a0\u00a0\u00a0\u00a0\u00a0\u00a0\u00a0\u00a0\u00a0\u00a0\u00a0\u00a0\u00a0 Beauvechain \u00a0 Beauvechain, le 29 juin 2011 \u00a0 \u00a0 Monsieur le Bourgmestre,Mesdames et Messieurs les Echevins, \u00a0 Concerne\u00a0:\u00a0\u00a0\u00a0\u00a0\u00a0 Enqu\u00eate Publique Placement de panneaux photovolta\u00efques sur la maison communale, le Vert Galant et l\u2019\u00e9cole communale de Tourinnes-la-Grosse \u00a0 \u00a0 Par la pr\u00e9sente, Action Environnement &hellip;<\/p>\n<p class=\"read-more\"> <a class=\"\" href=\"https:\/\/www.actionenvironnementbeauvechain.be\/?page_id=1367\"> <span class=\"screen-reader-text\">2011 Des panneaux solaires sur les b\u00e2timents communaux<\/span> Lire la suite\u00a0\u00bb<\/a><\/p>\n","protected":false},"author":1,"featured_media":0,"parent":0,"menu_order":0,"comment_status":"closed","ping_status":"closed","template":"","meta":{"site-sidebar-layout":"no-sidebar","site-content-layout":"page-builder","ast-main-header-display":"","ast-hfb-above-header-display":"","ast-hfb-below-header-display":"","ast-hfb-mobile-header-display":"","site-post-title":"disabled","ast-breadcrumbs-content":"","ast-featured-img":"disabled","footer-sml-layout":"","theme-transparent-header-meta":"default","adv-header-id-meta":"","stick-header-meta":"","header-above-stick-meta":"","header-main-stick-meta":"","header-below-stick-meta":"","footnotes":""},"class_list":["post-1367","page","type-page","status-publish","hentry"],"yoast_head":"<!-- This site is optimized with the Yoast SEO plugin v27.4 - https:\/\/yoast.com\/product\/yoast-seo-wordpress\/ -->\n<title>2011 Des panneaux solaires sur les b\u00e2timents communaux - Action Environnement Beauvechain asbl<\/title>\n<meta name=\"robots\" content=\"index, follow, max-snippet:-1, max-image-preview:large, max-video-preview:-1\" \/>\n<link rel=\"canonical\" href=\"https:\/\/www.actionenvironnementbeauvechain.be\/?page_id=1367\" \/>\n<meta property=\"og:locale\" content=\"fr_FR\" \/>\n<meta property=\"og:type\" content=\"article\" \/>\n<meta property=\"og:title\" content=\"2011 Des panneaux solaires sur les b\u00e2timents communaux - Action Environnement Beauvechain asbl\" \/>\n<meta property=\"og:description\" content=\"Coll\u00e8ge des Bourgmestre et Echevins de Beauvechain Place communale, 3 1320 \u00a0\u00a0\u00a0\u00a0\u00a0\u00a0\u00a0\u00a0\u00a0\u00a0\u00a0\u00a0\u00a0\u00a0\u00a0\u00a0\u00a0\u00a0\u00a0\u00a0\u00a0\u00a0\u00a0\u00a0\u00a0\u00a0\u00a0\u00a0\u00a0\u00a0\u00a0\u00a0\u00a0\u00a0\u00a0\u00a0\u00a0\u00a0\u00a0\u00a0 Beauvechain \u00a0 Beauvechain, le 29 juin 2011 \u00a0 \u00a0 Monsieur le Bourgmestre,Mesdames et Messieurs les Echevins, \u00a0 Concerne\u00a0:\u00a0\u00a0\u00a0\u00a0\u00a0 Enqu\u00eate Publique Placement de panneaux photovolta\u00efques sur la maison communale, le Vert Galant et l\u2019\u00e9cole communale de Tourinnes-la-Grosse \u00a0 \u00a0 Par la pr\u00e9sente, Action Environnement &hellip; 2011 Des panneaux solaires sur les b\u00e2timents communaux Lire la suite\u00a0\u00bb\" \/>\n<meta property=\"og:url\" content=\"https:\/\/www.actionenvironnementbeauvechain.be\/?page_id=1367\" \/>\n<meta property=\"og:site_name\" content=\"Action Environnement Beauvechain asbl\" \/>\n<meta property=\"article:publisher\" content=\"https:\/\/www.facebook.com\/ActionEnvironnementBeauvechain\" \/>\n<meta property=\"article:modified_time\" content=\"2021-01-30T16:44:56+00:00\" \/>\n<meta name=\"twitter:card\" content=\"summary_large_image\" \/>\n<meta name=\"twitter:label1\" content=\"Dur\u00e9e de lecture estim\u00e9e\" \/>\n\t<meta name=\"twitter:data1\" content=\"1 minute\" \/>\n<script type=\"application\/ld+json\" class=\"yoast-schema-graph\">{\"@context\":\"https:\\\/\\\/schema.org\",\"@graph\":[{\"@type\":\"WebPage\",\"@id\":\"https:\\\/\\\/www.actionenvironnementbeauvechain.be\\\/?page_id=1367\",\"url\":\"https:\\\/\\\/www.actionenvironnementbeauvechain.be\\\/?page_id=1367\",\"name\":\"2011 Des panneaux solaires sur les b\u00e2timents communaux - Action Environnement Beauvechain asbl\",\"isPartOf\":{\"@id\":\"https:\\\/\\\/www.actionenvironnementbeauvechain.be\\\/#website\"},\"datePublished\":\"2021-01-30T16:42:36+00:00\",\"dateModified\":\"2021-01-30T16:44:56+00:00\",\"breadcrumb\":{\"@id\":\"https:\\\/\\\/www.actionenvironnementbeauvechain.be\\\/?page_id=1367#breadcrumb\"},\"inLanguage\":\"fr-FR\",\"potentialAction\":[{\"@type\":\"ReadAction\",\"target\":[\"https:\\\/\\\/www.actionenvironnementbeauvechain.be\\\/?page_id=1367\"]}]},{\"@type\":\"BreadcrumbList\",\"@id\":\"https:\\\/\\\/www.actionenvironnementbeauvechain.be\\\/?page_id=1367#breadcrumb\",\"itemListElement\":[{\"@type\":\"ListItem\",\"position\":1,\"name\":\"Accueil\",\"item\":\"https:\\\/\\\/www.actionenvironnementbeauvechain.be\\\/\"},{\"@type\":\"ListItem\",\"position\":2,\"name\":\"2011 Des panneaux solaires sur les b\u00e2timents communaux\"}]},{\"@type\":\"WebSite\",\"@id\":\"https:\\\/\\\/www.actionenvironnementbeauvechain.be\\\/#website\",\"url\":\"https:\\\/\\\/www.actionenvironnementbeauvechain.be\\\/\",\"name\":\"Action Environnement Beauvechain asbl\",\"description\":\"Penser globalement, agir localement\",\"publisher\":{\"@id\":\"https:\\\/\\\/www.actionenvironnementbeauvechain.be\\\/#organization\"},\"potentialAction\":[{\"@type\":\"SearchAction\",\"target\":{\"@type\":\"EntryPoint\",\"urlTemplate\":\"https:\\\/\\\/www.actionenvironnementbeauvechain.be\\\/?s={search_term_string}\"},\"query-input\":{\"@type\":\"PropertyValueSpecification\",\"valueRequired\":true,\"valueName\":\"search_term_string\"}}],\"inLanguage\":\"fr-FR\"},{\"@type\":\"Organization\",\"@id\":\"https:\\\/\\\/www.actionenvironnementbeauvechain.be\\\/#organization\",\"name\":\"Action Environnement Beauvechain\",\"url\":\"https:\\\/\\\/www.actionenvironnementbeauvechain.be\\\/\",\"logo\":{\"@type\":\"ImageObject\",\"inLanguage\":\"fr-FR\",\"@id\":\"https:\\\/\\\/www.actionenvironnementbeauvechain.be\\\/#\\\/schema\\\/logo\\\/image\\\/\",\"url\":\"https:\\\/\\\/www.actionenvironnementbeauvechain.be\\\/wp-content\\\/uploads\\\/2021\\\/02\\\/AEB3.jpg\",\"contentUrl\":\"https:\\\/\\\/www.actionenvironnementbeauvechain.be\\\/wp-content\\\/uploads\\\/2021\\\/02\\\/AEB3.jpg\",\"width\":584,\"height\":518,\"caption\":\"Action Environnement Beauvechain\"},\"image\":{\"@id\":\"https:\\\/\\\/www.actionenvironnementbeauvechain.be\\\/#\\\/schema\\\/logo\\\/image\\\/\"},\"sameAs\":[\"https:\\\/\\\/www.facebook.com\\\/ActionEnvironnementBeauvechain\"]}]}<\/script>\n<!-- \/ Yoast SEO plugin. -->","yoast_head_json":{"title":"2011 Des panneaux solaires sur les b\u00e2timents communaux - Action Environnement Beauvechain asbl","robots":{"index":"index","follow":"follow","max-snippet":"max-snippet:-1","max-image-preview":"max-image-preview:large","max-video-preview":"max-video-preview:-1"},"canonical":"https:\/\/www.actionenvironnementbeauvechain.be\/?page_id=1367","og_locale":"fr_FR","og_type":"article","og_title":"2011 Des panneaux solaires sur les b\u00e2timents communaux - Action Environnement Beauvechain asbl","og_description":"Coll\u00e8ge des Bourgmestre et Echevins de Beauvechain Place communale, 3 1320 \u00a0\u00a0\u00a0\u00a0\u00a0\u00a0\u00a0\u00a0\u00a0\u00a0\u00a0\u00a0\u00a0\u00a0\u00a0\u00a0\u00a0\u00a0\u00a0\u00a0\u00a0\u00a0\u00a0\u00a0\u00a0\u00a0\u00a0\u00a0\u00a0\u00a0\u00a0\u00a0\u00a0\u00a0\u00a0\u00a0\u00a0\u00a0\u00a0\u00a0 Beauvechain \u00a0 Beauvechain, le 29 juin 2011 \u00a0 \u00a0 Monsieur le Bourgmestre,Mesdames et Messieurs les Echevins, \u00a0 Concerne\u00a0:\u00a0\u00a0\u00a0\u00a0\u00a0 Enqu\u00eate Publique Placement de panneaux photovolta\u00efques sur la maison communale, le Vert Galant et l\u2019\u00e9cole communale de Tourinnes-la-Grosse \u00a0 \u00a0 Par la pr\u00e9sente, Action Environnement &hellip; 2011 Des panneaux solaires sur les b\u00e2timents communaux Lire la suite\u00a0\u00bb","og_url":"https:\/\/www.actionenvironnementbeauvechain.be\/?page_id=1367","og_site_name":"Action Environnement Beauvechain asbl","article_publisher":"https:\/\/www.facebook.com\/ActionEnvironnementBeauvechain","article_modified_time":"2021-01-30T16:44:56+00:00","twitter_card":"summary_large_image","twitter_misc":{"Dur\u00e9e de lecture estim\u00e9e":"1 minute"},"schema":{"@context":"https:\/\/schema.org","@graph":[{"@type":"WebPage","@id":"https:\/\/www.actionenvironnementbeauvechain.be\/?page_id=1367","url":"https:\/\/www.actionenvironnementbeauvechain.be\/?page_id=1367","name":"2011 Des panneaux solaires sur les b\u00e2timents communaux - Action Environnement Beauvechain asbl","isPartOf":{"@id":"https:\/\/www.actionenvironnementbeauvechain.be\/#website"},"datePublished":"2021-01-30T16:42:36+00:00","dateModified":"2021-01-30T16:44:56+00:00","breadcrumb":{"@id":"https:\/\/www.actionenvironnementbeauvechain.be\/?page_id=1367#breadcrumb"},"inLanguage":"fr-FR","potentialAction":[{"@type":"ReadAction","target":["https:\/\/www.actionenvironnementbeauvechain.be\/?page_id=1367"]}]},{"@type":"BreadcrumbList","@id":"https:\/\/www.actionenvironnementbeauvechain.be\/?page_id=1367#breadcrumb","itemListElement":[{"@type":"ListItem","position":1,"name":"Accueil","item":"https:\/\/www.actionenvironnementbeauvechain.be\/"},{"@type":"ListItem","position":2,"name":"2011 Des panneaux solaires sur les b\u00e2timents communaux"}]},{"@type":"WebSite","@id":"https:\/\/www.actionenvironnementbeauvechain.be\/#website","url":"https:\/\/www.actionenvironnementbeauvechain.be\/","name":"Action Environnement Beauvechain asbl","description":"Penser globalement, agir localement","publisher":{"@id":"https:\/\/www.actionenvironnementbeauvechain.be\/#organization"},"potentialAction":[{"@type":"SearchAction","target":{"@type":"EntryPoint","urlTemplate":"https:\/\/www.actionenvironnementbeauvechain.be\/?s={search_term_string}"},"query-input":{"@type":"PropertyValueSpecification","valueRequired":true,"valueName":"search_term_string"}}],"inLanguage":"fr-FR"},{"@type":"Organization","@id":"https:\/\/www.actionenvironnementbeauvechain.be\/#organization","name":"Action Environnement Beauvechain","url":"https:\/\/www.actionenvironnementbeauvechain.be\/","logo":{"@type":"ImageObject","inLanguage":"fr-FR","@id":"https:\/\/www.actionenvironnementbeauvechain.be\/#\/schema\/logo\/image\/","url":"https:\/\/www.actionenvironnementbeauvechain.be\/wp-content\/uploads\/2021\/02\/AEB3.jpg","contentUrl":"https:\/\/www.actionenvironnementbeauvechain.be\/wp-content\/uploads\/2021\/02\/AEB3.jpg","width":584,"height":518,"caption":"Action Environnement Beauvechain"},"image":{"@id":"https:\/\/www.actionenvironnementbeauvechain.be\/#\/schema\/logo\/image\/"},"sameAs":["https:\/\/www.facebook.com\/ActionEnvironnementBeauvechain"]}]}},"_links":{"self":[{"href":"https:\/\/www.actionenvironnementbeauvechain.be\/index.php?rest_route=\/wp\/v2\/pages\/1367","targetHints":{"allow":["GET"]}}],"collection":[{"href":"https:\/\/www.actionenvironnementbeauvechain.be\/index.php?rest_route=\/wp\/v2\/pages"}],"about":[{"href":"https:\/\/www.actionenvironnementbeauvechain.be\/index.php?rest_route=\/wp\/v2\/types\/page"}],"author":[{"embeddable":true,"href":"https:\/\/www.actionenvironnementbeauvechain.be\/index.php?rest_route=\/wp\/v2\/users\/1"}],"replies":[{"embeddable":true,"href":"https:\/\/www.actionenvironnementbeauvechain.be\/index.php?rest_route=%2Fwp%2Fv2%2Fcomments&post=1367"}],"version-history":[{"count":4,"href":"https:\/\/www.actionenvironnementbeauvechain.be\/index.php?rest_route=\/wp\/v2\/pages\/1367\/revisions"}],"predecessor-version":[{"id":1371,"href":"https:\/\/www.actionenvironnementbeauvechain.be\/index.php?rest_route=\/wp\/v2\/pages\/1367\/revisions\/1371"}],"wp:attachment":[{"href":"https:\/\/www.actionenvironnementbeauvechain.be\/index.php?rest_route=%2Fwp%2Fv2%2Fmedia&parent=1367"}],"curies":[{"name":"wp","href":"https:\/\/api.w.org\/{rel}","templated":true}]}}